{"id":711,"date":"2020-02-10T17:34:43","date_gmt":"2020-02-10T17:34:43","guid":{"rendered":"https:\/\/lanzarote-feeling.com\/?page_id=711"},"modified":"2024-06-28T18:56:59","modified_gmt":"2024-06-28T17:56:59","slug":"partner","status":"publish","type":"page","link":"https:\/\/lanzarote-feeling.com\/en\/partner\/","title":{"rendered":"Partner"},"content":{"rendered":"\n<p>Liebe G\u00e4ste, an dieser Stelle m\u00f6chten wir Euch Freunde und Unternehmen vorstellen, mit denen wir eng zusammenarbeiten. Unsere Empfehlungen basieren auf pers\u00f6nlichen, sehr guten und jahrelangen Erfahrungen.<br>Diese Angebote sollen Euch helfen, Euren Urlaub besser planen zu k\u00f6nnen und mehr aus den sch\u00f6nsten Wochen des Jahres zu machen &#8211; damit Ihr das Lanzarote-Feeling wirklich erlebt. (Die Reihenfolge ist willk\u00fcrlich und stellt keine Empfehlung dar.)<\/p>\n\n\n\n<p><br><strong>Physiotherapie<\/strong> und <strong>Massagen<\/strong> <a href=\"https:\/\/lanzarote-feeling.com\/physio-und-massagen-auf-lanzarote\/\">Kathrin Gemm<\/a> <\/p>\n\n\n\n<p><strong>Ausfl\u00fcge und Freizeitgestaltung<\/strong>: <a href=\"https:\/\/lanzarote-feeling.com\/lanzarote-exklusiv-ausfluege-und-freizeitgestaltung\/\">ausfl\u00fcgelanzarote.de<\/a> <\/p>\n\n\n\n<p><strong>Wanderungen<\/strong>: <a href=\"https:\/\/lanzarote-feeling.com\/lanzatrekk-wandern-auf-der-insel-der-schlafenden-vulkane\/\">Stephan Isenmann Lanzatrekk<\/a><\/p>\n\n\n\n<p><strong>Ferienwohnungen La Asomada und Puerto del Carmen:<\/strong> <a href=\"https:\/\/lanzarote-feeling.com\/lanzarote-fincas\/\">lanzarotefincas<\/a><\/p>\n\n\n\n<p><strong>Ferienwohnungen in Charco del Palo:<\/strong> <a href=\"https:\/\/casa-espiral.de\" target=\"_blank\" rel=\"noopener\" title=\"\">Casa Espiral<\/a><\/p>\n\n\n\n<p><strong>Pilates<\/strong>: <a href=\"https:\/\/lanzarote-feeling.com\/bettina-strauss-studio-of-movement\">Studio of Movement Bettina Strauss<\/a> <\/p>\n\n\n\n<p><strong>Tauchen:<\/strong> <a href=\"https:\/\/lanzarote-feeling.com\/daivoon-tauchschule-in-costa-teguise\/\">Tauchschule Daivoon von Michaela und G\u00f6tz<\/a><\/p>\n\n\n\n<!-- \n<p><strong>Sprachschule (Spanisch):<\/strong> <a href=\"\/coco-lingua\" target=\"_blank\" rel=\"noreferrer noopener\">Coco-Lingua<\/a><\/p>\n-->\n\n\n\n<p><strong>B\u00fccher, Bilder und mehr zu Lanzarote:<\/strong><a href=\"https:\/\/lanza-loscho.jimdo.com\" target=\"_blank\" rel=\"noreferrer noopener\"> Lothar Scholz (Autor)<\/a><\/p>\n\n\n\n<p><strong>Ein ganz besonderes Reiseblog<\/strong> mit sch\u00f6nen Bildern und wertvollen Informationen, sowie Tips auch ausserhalb von Lanzarote:  <a href=\"https:\/\/www.besttime2travel.com\" target=\"_blank\" rel=\"noreferrer noopener\" title=\"Best Time 2 Travel\">Best Time 2 Travel<\/a><\/p>\n\n\n\n<p>Ausgew\u00e4hlte <strong>Angebote und Informationen<\/strong> f\u00fcr &#8220;Best-Ager&#8221; und <strong>Langzeiturlauber<\/strong> auf Lanzarote: <a href=\"http:\/\/wirsindlanzarote.com\" target=\"_blank\" rel=\"noopener\" title=\"\">Wir sind Lanzarote<\/a><\/p>\n","protected":false},"excerpt":{"rendered":"<p>Liebe G\u00e4ste, an dieser Stelle m\u00f6chten wir Euch Freunde und Unternehmen vorstellen, mit denen wir eng zusammenarbeiten. Unsere Empfehlungen basieren auf pers\u00f6nlichen, sehr guten und jahrelangen Erfahrungen.Diese Angebote sollen Euch helfen, Euren Urlaub besser planen zu k\u00f6nnen und mehr aus den sch\u00f6nsten Wochen des Jahres zu machen &#8211; damit Ihr das Lanzarote-Feeling wirklich erlebt. (Die &hellip; <\/p>\n<p class=\"link-more\"><a href=\"https:\/\/lanzarote-feeling.com\/en\/partner\/\" class=\"more-link\">Continue reading<span class=\"screen-reader-text\"> &#8220;Partner&#8221;<\/span><\/a><\/p>\n","protected":false},"author":5,"featured_media":0,"parent":0,"menu_order":0,"comment_status":"closed","ping_status":"closed","template":"","meta":{"footnotes":""},"class_list":["post-711","page","type-page","status-publish","hentry"],"translation":{"provider":"WPGlobus","version":"3.0.2","language":"en","enabled_languages":["de","en","es"],"languages":{"de":{"title":true,"content":true,"excerpt":false},"en":{"title":false,"content":false,"excerpt":false},"es":{"title":false,"content":false,"excerpt":false}}},"aioseo_notices":[],"_links":{"self":[{"href":"https:\/\/lanzarote-feeling.com\/en\/wp-json\/wp\/v2\/pages\/711","targetHints":{"allow":["GET"]}}],"collection":[{"href":"https:\/\/lanzarote-feeling.com\/en\/wp-json\/wp\/v2\/pages"}],"about":[{"href":"https:\/\/lanzarote-feeling.com\/en\/wp-json\/wp\/v2\/types\/page"}],"author":[{"embeddable":true,"href":"https:\/\/lanzarote-feeling.com\/en\/wp-json\/wp\/v2\/users\/5"}],"replies":[{"embeddable":true,"href":"https:\/\/lanzarote-feeling.com\/en\/wp-json\/wp\/v2\/comments?post=711"}],"version-history":[{"count":0,"href":"https:\/\/lanzarote-feeling.com\/en\/wp-json\/wp\/v2\/pages\/711\/revisions"}],"wp:attachment":[{"href":"https:\/\/lanzarote-feeling.com\/en\/wp-json\/wp\/v2\/media?parent=711"}],"curies":[{"name":"wp","href":"https:\/\/api.w.org\/{rel}","templated":true}]}}