{"id":1013,"date":"2020-07-19T14:21:04","date_gmt":"2020-07-19T14:21:04","guid":{"rendered":"https:\/\/lanzarote-feeling.com\/?page_id=1013"},"modified":"2020-07-24T15:26:12","modified_gmt":"2020-07-24T15:26:12","slug":"immobilien","status":"publish","type":"page","link":"https:\/\/lanzarote-feeling.com\/es\/photographie\/immobilien\/","title":{"rendered":"Inmobiliarios"},"content":{"rendered":"\n<p>\u00bfLe gustar\u00eda vender su propiedad en Lanzarote u ofrecerla como casa de vacaciones?<\/p>\n\n\n\n<p>Estar\u00edamos encantados de producir un portafolio de fotos para usted para mejorar su oferta y presentarla profesionalmente.<\/p>\n\n\n\n<p>Por supuesto, tambi\u00e9n puede comprar nuestras m\u00e1s bellas fotos de Lanzarote como originales impresos en alta resoluci\u00f3n y colgarlos en la pared de su apartamento de vacaciones. De esta manera tambi\u00e9n puedes dar a tus invitados el \u00abLanzarote-Feeling\u00bb.<\/p>\n\n\n\n<figure class=\"wp-block-image size-large\"><img loading=\"lazy\" decoding=\"async\" width=\"1024\" height=\"768\" src=\"https:\/\/lanzarote-feeling.com\/wp-content\/uploads\/2020\/07\/tks_malaguenia_pool_001-1024x768.jpg\" alt=\"\" class=\"wp-image-1182\" srcset=\"https:\/\/lanzarote-feeling.com\/wp-content\/uploads\/2020\/07\/tks_malaguenia_pool_001-1024x768.jpg 1024w, https:\/\/lanzarote-feeling.com\/wp-content\/uploads\/2020\/07\/tks_malaguenia_pool_001-300x225.jpg 300w, https:\/\/lanzarote-feeling.com\/wp-content\/uploads\/2020\/07\/tks_malaguenia_pool_001-768x576.jpg 768w, https:\/\/lanzarote-feeling.com\/wp-content\/uploads\/2020\/07\/tks_malaguenia_pool_001.jpg 1280w\" sizes=\"auto, (max-width: 767px) 89vw, (max-width: 1000px) 54vw, (max-width: 1071px) 543px, 580px\" \/><\/figure>\n","protected":false},"excerpt":{"rendered":"<p>\u00bfLe gustar\u00eda vender su propiedad en Lanzarote u ofrecerla como casa de vacaciones? Estar\u00edamos encantados de producir un portafolio de fotos para usted para mejorar su oferta y presentarla profesionalmente. Por supuesto, tambi\u00e9n puede comprar nuestras m\u00e1s bellas fotos de Lanzarote como originales impresos en alta resoluci\u00f3n y colgarlos en la pared de su apartamento &hellip; <\/p>\n<p class=\"link-more\"><a href=\"https:\/\/lanzarote-feeling.com\/es\/photographie\/immobilien\/\" class=\"more-link\">Continuar leyendo<span class=\"screen-reader-text\"> \u00abInmobiliarios\u00bb<\/span><\/a><\/p>\n","protected":false},"author":5,"featured_media":0,"parent":252,"menu_order":0,"comment_status":"closed","ping_status":"closed","template":"","meta":{"footnotes":""},"class_list":["post-1013","page","type-page","status-publish","hentry"],"translation":{"provider":"WPGlobus","version":"3.0.2","language":"es","enabled_languages":["de","en","es"],"languages":{"de":{"title":true,"content":true,"excerpt":false},"en":{"title":true,"content":true,"excerpt":false},"es":{"title":true,"content":true,"excerpt":false}}},"aioseo_notices":[],"_links":{"self":[{"href":"https:\/\/lanzarote-feeling.com\/es\/wp-json\/wp\/v2\/pages\/1013","targetHints":{"allow":["GET"]}}],"collection":[{"href":"https:\/\/lanzarote-feeling.com\/es\/wp-json\/wp\/v2\/pages"}],"about":[{"href":"https:\/\/lanzarote-feeling.com\/es\/wp-json\/wp\/v2\/types\/page"}],"author":[{"embeddable":true,"href":"https:\/\/lanzarote-feeling.com\/es\/wp-json\/wp\/v2\/users\/5"}],"replies":[{"embeddable":true,"href":"https:\/\/lanzarote-feeling.com\/es\/wp-json\/wp\/v2\/comments?post=1013"}],"version-history":[{"count":0,"href":"https:\/\/lanzarote-feeling.com\/es\/wp-json\/wp\/v2\/pages\/1013\/revisions"}],"up":[{"embeddable":true,"href":"https:\/\/lanzarote-feeling.com\/es\/wp-json\/wp\/v2\/pages\/252"}],"wp:attachment":[{"href":"https:\/\/lanzarote-feeling.com\/es\/wp-json\/wp\/v2\/media?parent=1013"}],"curies":[{"name":"wp","href":"https:\/\/api.w.org\/{rel}","templated":true}]}}