{"id":1016,"date":"2020-07-19T14:59:16","date_gmt":"2020-07-19T14:59:16","guid":{"rendered":"https:\/\/lanzarote-feeling.com\/?page_id=1016"},"modified":"2020-07-19T16:10:33","modified_gmt":"2020-07-19T16:10:33","slug":"paarshooting","status":"publish","type":"page","link":"https:\/\/lanzarote-feeling.com\/es\/paarshooting\/","title":{"rendered":"Sesi\u00f3n de fotos para parejas"},"content":{"rendered":"\n<p>\u00bfTe gusta tomar fotos de ti mismo, tomar grandes fotos de paisajes y quieres tener fotos de ti mismo como recuerdo, que son m\u00e1s que una simple \u00abSelfie\u00bb?<br>Entonces cont\u00e1ctese con nosotros a tiempo.<br>Ofrecemos una sesi\u00f3n de conocimiento relajada (aprox. 30 minutos), para que nos conozcamos y la sesi\u00f3n posterior no sea demasiado tenso. Tambi\u00e9n discutiremos cu\u00e1ntas fotos quieres obtener y acordaremos el lugar y la hora de la sesi\u00f3n, dependiendo del tiempo y de tus ideas.<\/p>\n\n\n\n<p>Antes de la sesi\u00f3n le enviaremos un contrato sobre el alcance del trabajo y las condiciones de uso de las fotos. Este contrato se firmar\u00e1 al comienzo del rodaje.<\/p>\n\n\n\n<p>El rodaje en s\u00ed mismo llevar\u00e1 una hora (m\u00e1s \u00f3 menos).<\/p>\n\n\n\n<p>En una semana recibir\u00e1 un juego con sus fotos electr\u00f3nicamente.<\/p>\n\n\n\n<p>El precio b\u00e1sico de un rodaje de este tipo es de 200 euros.<\/p>\n","protected":false},"excerpt":{"rendered":"<p>\u00bfTe gusta tomar fotos de ti mismo, tomar grandes fotos de paisajes y quieres tener fotos de ti mismo como recuerdo, que son m\u00e1s que una simple \u00abSelfie\u00bb?Entonces cont\u00e1ctese con nosotros a tiempo.Ofrecemos una sesi\u00f3n de conocimiento relajada (aprox. 30 minutos), para que nos conozcamos y la sesi\u00f3n posterior no sea demasiado tenso. Tambi\u00e9n discutiremos &hellip; <\/p>\n<p class=\"link-more\"><a href=\"https:\/\/lanzarote-feeling.com\/es\/paarshooting\/\" class=\"more-link\">Continuar leyendo<span class=\"screen-reader-text\"> \u00abSesi\u00f3n de fotos para parejas\u00bb<\/span><\/a><\/p>\n","protected":false},"author":5,"featured_media":0,"parent":0,"menu_order":0,"comment_status":"closed","ping_status":"closed","template":"","meta":{"footnotes":""},"class_list":["post-1016","page","type-page","status-publish","hentry"],"translation":{"provider":"WPGlobus","version":"3.0.2","language":"es","enabled_languages":["de","en","es"],"languages":{"de":{"title":true,"content":true,"excerpt":false},"en":{"title":true,"content":true,"excerpt":false},"es":{"title":true,"content":true,"excerpt":false}}},"aioseo_notices":[],"_links":{"self":[{"href":"https:\/\/lanzarote-feeling.com\/es\/wp-json\/wp\/v2\/pages\/1016","targetHints":{"allow":["GET"]}}],"collection":[{"href":"https:\/\/lanzarote-feeling.com\/es\/wp-json\/wp\/v2\/pages"}],"about":[{"href":"https:\/\/lanzarote-feeling.com\/es\/wp-json\/wp\/v2\/types\/page"}],"author":[{"embeddable":true,"href":"https:\/\/lanzarote-feeling.com\/es\/wp-json\/wp\/v2\/users\/5"}],"replies":[{"embeddable":true,"href":"https:\/\/lanzarote-feeling.com\/es\/wp-json\/wp\/v2\/comments?post=1016"}],"version-history":[{"count":0,"href":"https:\/\/lanzarote-feeling.com\/es\/wp-json\/wp\/v2\/pages\/1016\/revisions"}],"wp:attachment":[{"href":"https:\/\/lanzarote-feeling.com\/es\/wp-json\/wp\/v2\/media?parent=1016"}],"curies":[{"name":"wp","href":"https:\/\/api.w.org\/{rel}","templated":true}]}}