{"id":1044,"date":"2020-07-20T10:39:27","date_gmt":"2020-07-20T10:39:27","guid":{"rendered":"https:\/\/lanzarote-feeling.com\/?page_id=1044"},"modified":"2020-07-22T11:34:17","modified_gmt":"2020-07-22T11:34:17","slug":"bilder-fuer-deinen-web-auftritt","status":"publish","type":"page","link":"https:\/\/lanzarote-feeling.com\/es\/bilder-fuer-deinen-web-auftritt\/","title":{"rendered":"FOTOS PARA SU PRESENCIA EN LA WEB"},"content":{"rendered":"\n<p>\u00bfTienes un negocio y necesitas nuevas, frescas y mejores fotos para tu sitio web?<\/p>\n\n\n\n<figure class=\"wp-block-image size-large\"><img loading=\"lazy\" decoding=\"async\" width=\"1024\" height=\"576\" src=\"https:\/\/lanzarote-feeling.com\/wp-content\/uploads\/2020\/07\/pilates_gayo_2_041a_c-1024x576.jpg\" alt=\"\" class=\"wp-image-1045\" srcset=\"https:\/\/lanzarote-feeling.com\/wp-content\/uploads\/2020\/07\/pilates_gayo_2_041a_c-1024x576.jpg 1024w, https:\/\/lanzarote-feeling.com\/wp-content\/uploads\/2020\/07\/pilates_gayo_2_041a_c-300x169.jpg 300w, https:\/\/lanzarote-feeling.com\/wp-content\/uploads\/2020\/07\/pilates_gayo_2_041a_c-768x432.jpg 768w, https:\/\/lanzarote-feeling.com\/wp-content\/uploads\/2020\/07\/pilates_gayo_2_041a_c-1536x863.jpg 1536w, https:\/\/lanzarote-feeling.com\/wp-content\/uploads\/2020\/07\/pilates_gayo_2_041a_c.jpg 2048w\" sizes=\"auto, (max-width: 767px) 89vw, (max-width: 1000px) 54vw, (max-width: 1071px) 543px, 580px\" \/><figcaption>Pilates en el Riso<\/figcaption><\/figure>\n\n\n\n<p>Nos gustar\u00eda conocerle a usted y a su empresa y desarrollar un concepto juntos, para una mayor visibilidad y una presentaci\u00f3n m\u00e1s concisa con la implementaci\u00f3n en un lenguaje visual que atraiga mejor a sus clientes.<\/p>\n","protected":false},"excerpt":{"rendered":"<p>\u00bfTienes un negocio y necesitas nuevas, frescas y mejores fotos para tu sitio web? Nos gustar\u00eda conocerle a usted y a su empresa y desarrollar un concepto juntos, para una mayor visibilidad y una presentaci\u00f3n m\u00e1s concisa con la implementaci\u00f3n en un lenguaje visual que atraiga mejor a sus clientes.<\/p>\n","protected":false},"author":5,"featured_media":0,"parent":0,"menu_order":0,"comment_status":"closed","ping_status":"closed","template":"","meta":{"footnotes":""},"class_list":["post-1044","page","type-page","status-publish","hentry"],"translation":{"provider":"WPGlobus","version":"3.0.2","language":"es","enabled_languages":["de","en","es"],"languages":{"de":{"title":true,"content":true,"excerpt":false},"en":{"title":true,"content":true,"excerpt":false},"es":{"title":true,"content":true,"excerpt":false}}},"aioseo_notices":[],"_links":{"self":[{"href":"https:\/\/lanzarote-feeling.com\/es\/wp-json\/wp\/v2\/pages\/1044","targetHints":{"allow":["GET"]}}],"collection":[{"href":"https:\/\/lanzarote-feeling.com\/es\/wp-json\/wp\/v2\/pages"}],"about":[{"href":"https:\/\/lanzarote-feeling.com\/es\/wp-json\/wp\/v2\/types\/page"}],"author":[{"embeddable":true,"href":"https:\/\/lanzarote-feeling.com\/es\/wp-json\/wp\/v2\/users\/5"}],"replies":[{"embeddable":true,"href":"https:\/\/lanzarote-feeling.com\/es\/wp-json\/wp\/v2\/comments?post=1044"}],"version-history":[{"count":0,"href":"https:\/\/lanzarote-feeling.com\/es\/wp-json\/wp\/v2\/pages\/1044\/revisions"}],"wp:attachment":[{"href":"https:\/\/lanzarote-feeling.com\/es\/wp-json\/wp\/v2\/media?parent=1044"}],"curies":[{"name":"wp","href":"https:\/\/api.w.org\/{rel}","templated":true}]}}