{"id":108,"date":"2019-08-31T18:57:05","date_gmt":"2019-08-31T18:57:05","guid":{"rendered":"https:\/\/lanzarote-feeling.com\/?page_id=108"},"modified":"2025-11-23T17:07:48","modified_gmt":"2025-11-23T16:07:48","slug":"preise","status":"publish","type":"page","link":"https:\/\/lanzarote-feeling.com\/es\/preise\/","title":{"rendered":"Precios y condiciones"},"content":{"rendered":"\n<p>Para todas las ofertas listadas en este sitio web encontrar\u00e1 los precios en el art\u00edculo respectivo. En general los excursiones de senderismo son \u20ac 49,&#8211; por persona:<\/p>\n\n\n\n<ul class=\"wp-block-list\">\n<li>Excursiones de medio d\u00eda y reservas exclusivas a partir de \u20ac 88,&#8211; por persona (<a href=\"http:\/\/lanzarote-feeling.com\/preise#Preise_Halbtag\" title=\"\">ver debajo para m\u00e1s informaci\u00f3n<\/a>)<\/li>\n\n\n\n<li>Sesiones de fotos: desde 225,- euros (normalmente se acuerdan individualmente)<\/li>\n<\/ul>\n\n\n\n<p><\/p>\n\n\n\n<p>Si necesita que le recojamos en su alojamiento (o en el puerto), le cobraremos una peque\u00f1a tarifa. Dado que no podemos garantizar la recogida en todas las excursiones, le rogamos que consulte nuestros precios al respecto al realizar la inscripci\u00f3n.<\/p>\n\n\n\n<p id=\"Rabatte\"><strong>Descuentos<\/strong><\/p>\n\n\n\n<ul class=\"wp-block-list\">\n<li>Ni\u00f1os de menor que 12 a\u00f1os pagan la mitad &#8211; y ni\u00f1os de menor que 4 a\u00f1os son gratuito<\/li>\n\n\n\n<li>Residentes de Lanzarote reciben un descuento de 25%<\/li>\n\n\n\n<li>Grupos y familias pueden recibir un descuento de 10% a partir de 4 personas<\/li>\n<\/ul>\n\n\n\n<p>Los descuentos para grupos y residentes no se acumulan.<\/p>\n\n\n\n<p>Nuestros precios son netos = precios brutos, es decir, no se a\u00f1ade el IGIC.<\/p>\n\n\n\n<p>Exenci\u00f3n franquicia fiscal\u00bb LEY 7\/2017, de 27 de diciembre, de Presupuestos Generales de la Comunidad Aut\u00f3noma de Canarias, art\u00edculo 109.<\/p>\n\n\n\n<p>Los lugares de inter\u00e9s que est\u00e1n sujetos a una tarifa s\u00f3lo se visitan a petici\u00f3n de los participantes.<br>El consumo y las posibles entradas no est\u00e1n incluidas en el precio.<\/p>\n\n\n\n<p><strong>Traslado\/recogida al alojamiento y vuelta<\/strong><\/p>\n\n\n\n<p>Si necesita que le recojamos en su alojamiento (o en el puerto), le cobraremos una peque\u00f1a tarifa. Dado que no podemos garantizar la recogida en todas las excursiones, le rogamos que solicite informaci\u00f3n sobre nuestros precios al respecto en el momento de la inscripci\u00f3n.<\/p>\n\n\n\n<p id=\"Preise_Halbtag\"><strong>Precios para recorridas con coche y excursiones individuales<\/strong><\/p>\n\n\n\n<p>Precio base: \u20ac 88,&#8211; por persona.<br>Este precio es v\u00e1lido hasta una duraci\u00f3n de 5 horas. Ampliaci\u00f3n posible.<br>Si es necesario o se desea, se acordar\u00e1 individualmente el traslado\/recogida desde y hacia el alojamiento, en funci\u00f3n del coste que nos suponga.<br>Las comidas y las entradas no est\u00e1n incluidas en el precio.<\/p>\n\n\n\n<p>Si reserva una excursi\u00f3n por la isla en coche exclusivamente, le ofrecemos las siguientes ventajas:<\/p>\n\n\n\n<ul class=\"wp-block-list\">\n<li>La excursi\u00f3n est\u00e1 garantizada, a menos que una enfermedad o fen\u00f3menos meteorol\u00f3gicos excepcionales impidan su realizaci\u00f3n.<\/li>\n\n\n\n<li>Ustedes son los \u00fanicos participantes.<\/li>\n\n\n\n<li>La excursi\u00f3n se organizar\u00e1 seg\u00fan sus deseos e intereses.<\/li>\n\n\n\n<li>Cancelaci\u00f3n gratuita hasta 7 d\u00edas antes del viaje (si se reserva con 2 semanas o m\u00e1s de antelaci\u00f3n).<\/li>\n<\/ul>\n\n\n\n<p>En \u00e9pocas de gran demanda, no ofrecemos reservas exclusivas. Consulte la disponibilidad a trav\u00e9s del formulario de contacto.<\/p>\n\n\n\n<hr class=\"wp-block-separator has-alpha-channel-opacity\"\/>\n\n\n\n<hr class=\"wp-block-separator has-alpha-channel-opacity\"\/>\n\n\n\n<p id=\"storno\"><strong>Notas sobre la retirada\/cancelaci\u00f3n por parte de los participantes:<\/strong><br>Recibir\u00e1 una confirmaci\u00f3n de reserva de nuestra parte, en la que se indican las condiciones respectivas para la cancelaci\u00f3n de la reserva. Normalmente se aplica lo siguiente:<\/p>\n\n\n\n<ul class=\"wp-block-list\">\n<li>Las cancelaciones hasta 3 semanas antes de la gira reservada o dentro de los tres d\u00edas siguientes a la recepci\u00f3n de la confirmaci\u00f3n de la reserva son gratuitas.<\/li>\n\n\n\n<li>Cancelaci\u00f3n hasta 2 semanas antes de la gira: 25% del precio de la gira<\/li>\n\n\n\n<li>hasta 1 semana antes de la gira: 50%.<\/li>\n\n\n\n<li>Para cancelaciones dentro de los \u00faltimos 6 d\u00edas antes de la gira prevista (o no presentarse) el precio completo debe ser pagado<\/li>\n\n\n\n<li>20% en caso de cancelaci\u00f3n demostrable sin culpa alguna (certificado m\u00e9dico, fuerza mayor)<\/li>\n<\/ul>\n\n\n\n<p>Si la reserva se hace y se confirma tres d\u00edas (o menos) antes de la gira planeada, se debe pagar el precio completo por las ausencias o cancelaciones.<\/p>\n\n\n\n<p>Si la gira se cancela por nuestra parte, por supuesto devolveremos cualquier pago anticipado que se haya hecho.<br>Si la excursi\u00f3n se pospone por nuestra parte a otra fecha, puede cancelarse sin coste alguno.<\/p>\n\n\n\n<p><a href=\"\/es\/kontakt\">Formulario de contacto<\/a><\/p>\n","protected":false},"excerpt":{"rendered":"<p>Para todas las ofertas listadas en este sitio web encontrar\u00e1 los precios en el art\u00edculo respectivo. En general los excursiones de senderismo son \u20ac 49,&#8211; por persona: Si necesita que le recojamos en su alojamiento (o en el puerto), le cobraremos una peque\u00f1a tarifa. Dado que no podemos garantizar la recogida en todas las excursiones, &hellip; <\/p>\n<p class=\"link-more\"><a href=\"https:\/\/lanzarote-feeling.com\/es\/preise\/\" class=\"more-link\">Continuar leyendo<span class=\"screen-reader-text\"> \u00abPrecios y condiciones\u00bb<\/span><\/a><\/p>\n","protected":false},"author":5,"featured_media":0,"parent":0,"menu_order":0,"comment_status":"closed","ping_status":"closed","template":"","meta":{"footnotes":""},"class_list":["post-108","page","type-page","status-publish","hentry"],"translation":{"provider":"WPGlobus","version":"3.0.2","language":"es","enabled_languages":["de","en","es"],"languages":{"de":{"title":true,"content":true,"excerpt":false},"en":{"title":true,"content":true,"excerpt":false},"es":{"title":true,"content":true,"excerpt":false}}},"aioseo_notices":[],"_links":{"self":[{"href":"https:\/\/lanzarote-feeling.com\/es\/wp-json\/wp\/v2\/pages\/108","targetHints":{"allow":["GET"]}}],"collection":[{"href":"https:\/\/lanzarote-feeling.com\/es\/wp-json\/wp\/v2\/pages"}],"about":[{"href":"https:\/\/lanzarote-feeling.com\/es\/wp-json\/wp\/v2\/types\/page"}],"author":[{"embeddable":true,"href":"https:\/\/lanzarote-feeling.com\/es\/wp-json\/wp\/v2\/users\/5"}],"replies":[{"embeddable":true,"href":"https:\/\/lanzarote-feeling.com\/es\/wp-json\/wp\/v2\/comments?post=108"}],"version-history":[{"count":0,"href":"https:\/\/lanzarote-feeling.com\/es\/wp-json\/wp\/v2\/pages\/108\/revisions"}],"wp:attachment":[{"href":"https:\/\/lanzarote-feeling.com\/es\/wp-json\/wp\/v2\/media?parent=108"}],"curies":[{"name":"wp","href":"https:\/\/api.w.org\/{rel}","templated":true}]}}