{"id":13,"date":"2018-07-24T16:55:44","date_gmt":"2018-07-24T16:55:44","guid":{"rendered":"https:\/\/lanzarote-feeling.com\/?page_id=13"},"modified":"2024-10-16T15:04:03","modified_gmt":"2024-10-16T14:04:03","slug":"willkommen","status":"publish","type":"page","link":"https:\/\/lanzarote-feeling.com\/es\/","title":{"rendered":"Bienvenidos"},"content":{"rendered":"\n<figure class=\"wp-block-table\"><table class=\"has-fixed-layout\"><tbody><tr><td><a href=\"http:\/\/lanzarote-feeling.com\/es\/programm\" target=\"_blank\" rel=\"noopener\" title=\"\">Programa<\/a><\/td><td><a href=\"http:\/\/lanzarote-feeling.com\/en\/preise\" target=\"_blank\" rel=\"noopener\" title=\"\">Precios<\/a><\/td><td><a href=\"http:\/\/lanzarote-feeling.com\/es\/kontakt\" target=\"_blank\" rel=\"noopener\" title=\"\">contacto<\/a><\/td><\/tr><\/tbody><\/table><\/figure>\n\n\n\n<figure class=\"wp-block-image size-large\"><img loading=\"lazy\" decoding=\"async\" width=\"1024\" height=\"576\" src=\"https:\/\/lanzarote-feeling.com\/wp-content\/uploads\/2019\/10\/mash_coko_001a-1024x576.jpg\" alt=\"\" class=\"wp-image-453\" srcset=\"https:\/\/lanzarote-feeling.com\/wp-content\/uploads\/2019\/10\/mash_coko_001a-1024x576.jpg 1024w, https:\/\/lanzarote-feeling.com\/wp-content\/uploads\/2019\/10\/mash_coko_001a-300x169.jpg 300w, https:\/\/lanzarote-feeling.com\/wp-content\/uploads\/2019\/10\/mash_coko_001a-768x432.jpg 768w, https:\/\/lanzarote-feeling.com\/wp-content\/uploads\/2019\/10\/mash_coko_001a.jpg 1600w\" sizes=\"auto, (max-width: 767px) 89vw, (max-width: 1000px) 54vw, (max-width: 1071px) 543px, 580px\" \/><\/figure>\n\n\n\n<p class=\"has-vivid-red-color has-text-color\"><strong>\u00bfLa sensaci\u00f3n de Lanzarote (el \u00abLanzarote-Feeling\u00bb) ya se ha apoderado de ti?<\/strong><\/p>\n\n\n\n<p>\u00bfHas estado visitando Lanzarote durante muchos a\u00f1os y siempre vuelves?<\/p>\n\n\n\n<p>\u00bfVives aqu\u00ed en la isla, como muchos de nuestros clientes habituales desde hace 20 a\u00f1os o m\u00e1s?<\/p>\n\n\n\n<p>\u00bfVienes a Lanzarote por primera vez y te preguntas qu\u00e9 es lo que hace el \u00abLanzarote-Feeling\u00bb?&nbsp;<\/p>\n\n\n\n<p class=\"has-vivid-red-color has-text-color\"><strong>Nos gustar\u00eda acercar la isla de Lanzarote a ustedes. Muy cerca\u2026<\/strong><\/p>\n\n\n\n<p>Queremos que realmente entiendas, conozcas y ames Lanzarote.<\/p>\n\n\n\n<p class=\"has-vivid-red-color has-text-color\"><strong>Le daremos el \u00abLanzarote-Feeling\u00bb &#8211; \u00a1lo prometemos!<\/strong><\/p>\n\n\n\n<p>Ofrecemos algo m\u00e1s que paseos y excursiones y queremos que conozcan y sientan los detalles de esta isla. Ofrecemos una experiencia.<\/p>\n\n\n\n<p>La excursi\u00f3n con nosotros deber\u00eda ser <strong>el mejor d\u00eda de sus vacaciones<\/strong>. Ese es nuestro objetivo y trabajamos en \u00e9l cada d\u00eda.&nbsp;<\/p>\n\n\n\n<p><span class=\"has-inline-color has-vivid-red-color\"><strong>\u00bfEl truco?<\/strong><\/span><\/p>\n\n\n\n<p>Lanzarote es adictiva. Muchos de los participantes que viajaron a Lanzarote con nosotros durante sus primeras vacaciones siguen regresando; algunos incluso viven aqu\u00ed ahora. Y esto a pesar de que la aridez de Lanzarote y otras caracter\u00edsticas especiales no atraen a todo el mundo a primera vista. Para que esta primera impresi\u00f3n no empa\u00f1e el disfrute de sus vacaciones, nos gustar\u00eda ayudarle a afinar la vista y a no percibir Lanzarote s\u00f3lo desde la perspectiva de un turista, sino a sentir la magia tan especial que es inherente a la isla.&nbsp;<\/p>\n\n\n\n<p class=\"has-vivid-red-color has-text-color\"><strong>Lo que nos gustar\u00eda recomendarle:<\/strong><\/p>\n\n\n\n<p>(No s\u00f3lo) para una primera visita, le recomendamos una de nuestras <strong><a href=\"https:\/\/lanzarote-feeling.com\/es\/category\/excursions\/roundtrips-by-car\/\" target=\"_blank\" rel=\"noreferrer noopener\">variadas excursiones de medio d\u00eda en un espacioso minib\u00fas<\/a><\/strong> a lugares de inter\u00e9s con amplias explicaciones. Estos recorridos tambi\u00e9n son adecuados para familias con ni\u00f1os o personas mayores si no puede o no quiere hacer tanta caminata.<\/p>\n\n\n\n<p>Si quiere conocer de cerca las particularidades de la isla, pero no se atreve a hacer una gran caminata, tambi\u00e9n puede reservar las mencionadas excursiones de medio d\u00eda o una de nuestras <strong><a href=\"https:\/\/lanzarote-feeling.com\/category\/es\/excursions\/hiking\/leichte-wanderungen\/\">sencillas excursiones a pie.<\/a><\/strong><\/p>\n\n\n\n<p><strong>Los fot\u00f3grafos<\/strong> son bienvenidos. Como nosotros mismos somos (m\u00e1s que) unos apasionados de la fotograf\u00eda, no s\u00f3lo entendemos que hay que dejar vagar la mirada durante un rato y buscar la perspectiva adecuada, sino tambi\u00e9n que hay que detenerse m\u00e1s a menudo para asimilar lo que se ha visto. Estaremos encantados de tenerlo en cuenta y podremos apoyarle activamente en su b\u00fasqueda de motivos. En todas las excursiones son invitados bienvenidos, ya que siempre viajamos en <strong>grupos reducidos.<\/strong><\/p>\n\n\n\n<p>Las caminatas que tenemos en nuestro <strong><a href=\"https:\/\/lanzarote-feeling.com\/programm\/\" title=\"Programm\">programa semanal<\/a><\/strong> suelen ofrecer una buena mezcla de caminatas f\u00e1ciles y medias que son adecuadas para todos.<br>Puede encontrar un resumen completo aqu\u00ed: <a href=\"https:\/\/lanzarote-feeling.com\/es\/wanderungen-zu-fuss\/\" target=\"_blank\" rel=\"noreferrer noopener\">Caminatas a pie en Lanzarote<\/a><\/p>\n\n\n\n<p>Tenga en cuenta: Los recorridos dif\u00edciles (o que no figuran en la lista) s\u00f3lo se ofrecen bajo petici\u00f3n espec\u00edfica. Utilice nuestro <strong><a href=\"\/kontakt\" target=\"_blank\" rel=\"noreferrer noopener\">formulario de contacto<\/a><\/strong> si tiene algo espec\u00edfico en mente o si tiene alguna pregunta o deseo especial.<\/p>\n\n\n\n<p>Le deseamos una fant\u00e1stica estancia en Lanzarote.<\/p>\n","protected":false},"excerpt":{"rendered":"<p>Programa Precios contacto \u00bfLa sensaci\u00f3n de Lanzarote (el \u00abLanzarote-Feeling\u00bb) ya se ha apoderado de ti? \u00bfHas estado visitando Lanzarote durante muchos a\u00f1os y siempre vuelves? \u00bfVives aqu\u00ed en la isla, como muchos de nuestros clientes habituales desde hace 20 a\u00f1os o m\u00e1s? \u00bfVienes a Lanzarote por primera vez y te preguntas qu\u00e9 es lo que &hellip; <\/p>\n<p class=\"link-more\"><a href=\"https:\/\/lanzarote-feeling.com\/es\/\" class=\"more-link\">Continuar leyendo<span class=\"screen-reader-text\"> \u00abBienvenidos\u00bb<\/span><\/a><\/p>\n","protected":false},"author":5,"featured_media":0,"parent":0,"menu_order":0,"comment_status":"closed","ping_status":"closed","template":"","meta":{"footnotes":""},"class_list":["post-13","page","type-page","status-publish","hentry"],"translation":{"provider":"WPGlobus","version":"3.0.2","language":"es","enabled_languages":["de","en","es"],"languages":{"de":{"title":true,"content":true,"excerpt":false},"en":{"title":true,"content":true,"excerpt":false},"es":{"title":true,"content":true,"excerpt":false}}},"aioseo_notices":[],"_links":{"self":[{"href":"https:\/\/lanzarote-feeling.com\/es\/wp-json\/wp\/v2\/pages\/13","targetHints":{"allow":["GET"]}}],"collection":[{"href":"https:\/\/lanzarote-feeling.com\/es\/wp-json\/wp\/v2\/pages"}],"about":[{"href":"https:\/\/lanzarote-feeling.com\/es\/wp-json\/wp\/v2\/types\/page"}],"author":[{"embeddable":true,"href":"https:\/\/lanzarote-feeling.com\/es\/wp-json\/wp\/v2\/users\/5"}],"replies":[{"embeddable":true,"href":"https:\/\/lanzarote-feeling.com\/es\/wp-json\/wp\/v2\/comments?post=13"}],"version-history":[{"count":0,"href":"https:\/\/lanzarote-feeling.com\/es\/wp-json\/wp\/v2\/pages\/13\/revisions"}],"wp:attachment":[{"href":"https:\/\/lanzarote-feeling.com\/es\/wp-json\/wp\/v2\/media?parent=13"}],"curies":[{"name":"wp","href":"https:\/\/api.w.org\/{rel}","templated":true}]}}