{"id":1367,"date":"2021-04-13T13:06:09","date_gmt":"2021-04-13T13:06:09","guid":{"rendered":"https:\/\/lanzarote-feeling.com\/?page_id=1367"},"modified":"2022-02-20T20:17:25","modified_gmt":"2022-02-20T19:17:25","slug":"feedback","status":"publish","type":"page","link":"https:\/\/lanzarote-feeling.com\/es\/feedback\/","title":{"rendered":"Feedback"},"content":{"rendered":"\n<p>Queridos lectores, amigos e participantes de nuestras excursiones!<br>Aqu\u00ed pod\u00e9is dejar comentarios, sugerencias y cr\u00edticas.<br>Valoramos vuestra opini\u00f3n y empezamos con un enlace de la pagina de Lanzarote-exklusiv:<br><br><a href=\"https:\/\/www.lanzarote-exklusiv.com\/es\/gefuehrtes-wandern-auf-lanzarote\/\" target=\"_blank\" rel=\"noreferrer noopener\"><img loading=\"lazy\" decoding=\"async\" width=\"450\" height=\"359\" class=\"wp-image-1407\" style=\"width: 450px;\" src=\"https:\/\/lanzarote-feeling.com\/wp-content\/uploads\/2021\/04\/lex_gef_wandern_sml_es2.jpg\" alt=\"\" srcset=\"https:\/\/lanzarote-feeling.com\/wp-content\/uploads\/2021\/04\/lex_gef_wandern_sml_es2.jpg 689w, https:\/\/lanzarote-feeling.com\/wp-content\/uploads\/2021\/04\/lex_gef_wandern_sml_es2-300x239.jpg 300w\" sizes=\"auto, (max-width: 450px) 100vw, 450px\" \/><\/a><\/p>\n\n\n\n<p>El autor lleva 20 a\u00f1os viviendo en Lanzarote y se nota su entusiasmo al leer el art\u00edculo.<br>Gracias a Christian Dorndorf.<\/p>\n","protected":false},"excerpt":{"rendered":"<p>Queridos lectores, amigos e participantes de nuestras excursiones!Aqu\u00ed pod\u00e9is dejar comentarios, sugerencias y cr\u00edticas.Valoramos vuestra opini\u00f3n y empezamos con un enlace de la pagina de Lanzarote-exklusiv: El autor lleva 20 a\u00f1os viviendo en Lanzarote y se nota su entusiasmo al leer el art\u00edculo.Gracias a Christian Dorndorf.<\/p>\n","protected":false},"author":5,"featured_media":0,"parent":0,"menu_order":0,"comment_status":"open","ping_status":"closed","template":"","meta":{"footnotes":""},"class_list":["post-1367","page","type-page","status-publish","hentry"],"translation":{"provider":"WPGlobus","version":"3.0.2","language":"es","enabled_languages":["de","en","es"],"languages":{"de":{"title":true,"content":true,"excerpt":false},"en":{"title":true,"content":true,"excerpt":false},"es":{"title":false,"content":true,"excerpt":false}}},"aioseo_notices":[],"_links":{"self":[{"href":"https:\/\/lanzarote-feeling.com\/es\/wp-json\/wp\/v2\/pages\/1367","targetHints":{"allow":["GET"]}}],"collection":[{"href":"https:\/\/lanzarote-feeling.com\/es\/wp-json\/wp\/v2\/pages"}],"about":[{"href":"https:\/\/lanzarote-feeling.com\/es\/wp-json\/wp\/v2\/types\/page"}],"author":[{"embeddable":true,"href":"https:\/\/lanzarote-feeling.com\/es\/wp-json\/wp\/v2\/users\/5"}],"replies":[{"embeddable":true,"href":"https:\/\/lanzarote-feeling.com\/es\/wp-json\/wp\/v2\/comments?post=1367"}],"version-history":[{"count":0,"href":"https:\/\/lanzarote-feeling.com\/es\/wp-json\/wp\/v2\/pages\/1367\/revisions"}],"wp:attachment":[{"href":"https:\/\/lanzarote-feeling.com\/es\/wp-json\/wp\/v2\/media?parent=1367"}],"curies":[{"name":"wp","href":"https:\/\/api.w.org\/{rel}","templated":true}]}}