{"id":1442,"date":"2021-06-13T21:07:17","date_gmt":"2021-06-13T21:07:17","guid":{"rendered":"https:\/\/lanzarote-feeling.com\/?page_id=1442"},"modified":"2026-03-25T12:38:21","modified_gmt":"2026-03-25T11:38:21","slug":"programm","status":"publish","type":"page","link":"https:\/\/lanzarote-feeling.com\/es\/programm\/","title":{"rendered":"Programa"},"content":{"rendered":"<\/p>\n\n\n<p>En esta p\u00e1gina se encuentra los excursiones previstos actualmente.<br>Estaremos encantados de ofrecerle viajes y excursiones adicionales a petici\u00f3n. Por favor, utilice el <a href=\"https:\/\/lanzarote-feeling.com\/es\/kontakt\" target=\"_blank\" rel=\"noopener\" title=\"\">formulario de contacto<\/a> para concertar con nosotros las fechas o excursiones que desee de forma individual.<\/p>\n\n\n\n<figure class=\"wp-block-image size-large\"><img loading=\"lazy\" decoding=\"async\" width=\"1024\" height=\"576\" src=\"https:\/\/lanzarote-feeling.com\/wp-content\/uploads\/2021\/12\/raubwuerger_058a_c-1024x576.jpg\" alt=\"\" class=\"wp-image-2889\" srcset=\"https:\/\/lanzarote-feeling.com\/wp-content\/uploads\/2021\/12\/raubwuerger_058a_c-1024x576.jpg 1024w, https:\/\/lanzarote-feeling.com\/wp-content\/uploads\/2021\/12\/raubwuerger_058a_c-300x169.jpg 300w, https:\/\/lanzarote-feeling.com\/wp-content\/uploads\/2021\/12\/raubwuerger_058a_c-768x432.jpg 768w, https:\/\/lanzarote-feeling.com\/wp-content\/uploads\/2021\/12\/raubwuerger_058a_c-1536x864.jpg 1536w, https:\/\/lanzarote-feeling.com\/wp-content\/uploads\/2021\/12\/raubwuerger_058a_c.jpg 2048w\" sizes=\"auto, (max-width: 767px) 89vw, (max-width: 1000px) 54vw, (max-width: 1071px) 543px, 580px\" \/><figcaption class=\"wp-element-caption\"><em><br>Lanius excubitor koenigi<\/em><strong>&nbsp;<\/strong><\/figcaption><\/figure>\n\n\n\n<p>Para los recorridos mostrados aqu\u00ed damos una garant\u00eda a partir de dos participantes.<br>Los precios son \u20ac49,&#8211; por persona (algunas recorridas cortas a \u20ac43,&#8211;).<br>En cualquier caso, es necesario inscribirse con nosotros antes de las 12.00 horas del d\u00eda anterior a la excursi\u00f3n prevista.<\/p>\n\n\n\n<p>Nota: Sin embargo, es posible que podamos ofrecer <a href=\"https:\/\/lanzarote-feeling.com\/es\/category\/excursions\/roundtrips-by-car\/\" target=\"_blank\" rel=\"noopener\" title=\"\">excursiones de medio d\u00eda<\/a> o <a href=\"https:\/\/lanzarote-feeling.com\/es\/wanderungen-zu-fuss\/\" target=\"_blank\" rel=\"noopener\" title=\"\">caminatas<\/a> adicionales seg\u00fan sus deseos. Utilice el <a href=\"http:\/\/lanzarote-feeling.com\/es\/kontakt\" target=\"_blank\" rel=\"noopener\">formulario de contacto<\/a> para organizar otras visitas con nosotros.<\/p>\n\n\n\n<p>[Sujeto a cambios <sup>*1<\/sup>]<\/p>\n\n\n\n<figure class=\"wp-block-table\"><table class=\"has-fixed-layout\"><tbody><tr><td><strong>2026 \/ semana 13<\/strong><\/td><td><\/td><td><\/td><td><\/td><\/tr><tr><td><strong>Fecha<\/strong><\/td><td><strong>Hora<\/strong><\/td><td><strong>Excursi\u00f3n<\/strong><\/td><td><strong>nota<\/strong><\/td><\/tr><tr><td>Mi. 25.3.<\/td><td>12.00<\/td><td><a href=\"https:\/\/lanzarote-feeling.com\/es\/lava-la-florida\/\" target=\"_blank\" rel=\"noopener\" title=\"\">Lava en La Florida<\/a><\/td><td>disponible<\/td><\/tr><tr><td>Vi. 27.3.<\/td><td>12.00<\/td><td><a href=\"https:\/\/lanzarote-feeling.com\/es\/kraterwanderung-lanzarote\/\" target=\"_blank\" rel=\"noopener\" title=\"\">Vistas y Calderas<\/a><\/td><td>completo<\/td><\/tr><tr><td>Do. 29.3.<\/td><td>11.00<\/td><td><a href=\"https:\/\/lanzarote-feeling.com\/es\/mancha-blanca-vulkane-wein\/\" target=\"_blank\" rel=\"noopener\" title=\"\">Mancha Blanca &#8211; volcanes y vino<\/a><\/td><td>disponible<\/td><\/tr><\/tbody><\/table><\/figure>\n\n\n\n<figure class=\"wp-block-table\"><table class=\"has-fixed-layout\"><tbody><tr><td><strong>2026 \/ semana 14<\/strong><\/td><td><\/td><td><\/td><td><\/td><\/tr><tr><td><strong>Fecha<\/strong><\/td><td><strong>Hora<\/strong><\/td><td><strong>Excursi\u00f3n<\/strong><\/td><td><strong>nota<\/strong><\/td><\/tr><tr><td>Ma. 31.3.<\/td><td>12.00<\/td><td><a href=\"https:\/\/lanzarote-feeling.com\/es\/montana-cardona\/\" target=\"_blank\" rel=\"noopener\" title=\"\">Monta\u00f1a Cardona<\/a><\/td><td>disponible<\/td><\/tr><tr><td>Mi. 1.4.<\/td><td>12.00<\/td><td><a href=\"https:\/\/lanzarote-feeling.com\/es\/montana-aganada\/\" target=\"_blank\" rel=\"noopener\" title=\"\">Monta\u00f1a Aganada<\/a><br>Senderismo en los alrededores del \u201cBosquecillo\u201d<\/td><td>disponible<\/td><\/tr><tr><td>Vi. 3.4.<\/td><td>12.00<\/td><td><a href=\"https:\/\/lanzarote-feeling.com\/es\/haria-panorama\/\" target=\"_blank\" rel=\"noopener\" title=\"\">Caminata panoramico cerca Haria<\/a><\/td><td>disponible<\/td><\/tr><tr><td>Sa. 4.4.<\/td><td>12.00<\/td><td><a href=\"https:\/\/lanzarote-feeling.com\/es\/island-tour-lanzarote-north\/\" target=\"_blank\" rel=\"noopener\" title=\"\">excursion mediodia norte<\/a><\/td><td>completo<\/td><\/tr><tr><td>Do. 5.4.<\/td><td>12.00<\/td><td><a href=\"https:\/\/lanzarote-feeling.com\/es\/lava-la-florida\/\" target=\"_blank\" rel=\"noopener\" title=\"\">Lava en La Florida<\/a><\/td><td>disponible<\/td><\/tr><\/tbody><\/table><\/figure>\n\n\n\n<figure class=\"wp-block-table\"><table class=\"has-fixed-layout\"><tbody><tr><td><strong>2026 \/ semana 15<\/strong><\/td><td><\/td><td><\/td><td><\/td><\/tr><tr><td><strong>Fecha<\/strong><\/td><td><strong>Hora<\/strong><\/td><td><strong>Excursi\u00f3n<\/strong><\/td><td><strong>nota<\/strong><\/td><\/tr><tr><td>Ma. 7.4.<\/td><td>12.00<\/td><td><a href=\"http:\/\/lanzarote-feeling.com\/es\/haria-bco-tenesia-atalaya\/\" target=\"_blank\" rel=\"noopener\" title=\"\">Atalaya Har\u00eda<\/a><\/td><td>disponible<\/td><\/tr><tr><td>Mi. 8.4.<\/td><td>12.00<\/td><td><a href=\"https:\/\/lanzarote-feeling.com\/es\/diamant-tour\/\" target=\"_blank\" rel=\"noopener\" title=\"\">Diamante (La Geria y Timanfaya)<\/a><\/td><td>disponible<\/td><\/tr><tr><td>Vi. 10.4.<\/td><td>12.00<\/td><td><a href=\"https:\/\/lanzarote-feeling.com\/es\/caldera-blanca-1\/\" target=\"_blank\" rel=\"noopener\" title=\"\">Caldera Blanca (variante facil\/corta)<\/a><\/td><td>disponible<\/td><\/tr><tr><td>Sa. 11.4.<\/td><td>12.00<\/td><td><a href=\"https:\/\/lanzarote-feeling.com\/es\/island-tour-lanzarote-south\/\" target=\"_blank\" rel=\"noopener\" title=\"\">excursion mediodia sur<\/a><\/td><td>completo<\/td><\/tr><tr><td>Do. 12.4.<\/td><td>12.00<\/td><td><a href=\"https:\/\/lanzarote-feeling.com\/es\/montana-cardona\/\" target=\"_blank\" rel=\"noopener\" title=\"\">Monta\u00f1a Cardona<\/a><\/td><td>disponible<\/td><\/tr><\/tbody><\/table><\/figure>\n\n\n\n<p><\/p>\n\n\n\n<figure class=\"wp-block-table\"><table><tbody><tr><td>La planificaci\u00f3n posterior a esta \u00faltima fecha se completar\u00e1 aproximadamente dos semanas antes del inicio del siguiente periodo, como m\u00e1ximo. Si tiene deseos espec\u00edficos y nos los hace llegar a tiempo, estaremos encantados de tenerlos en cuenta.<\/td><\/tr><\/tbody><\/table><\/figure>\n\n\n\n<p><\/p>\n\n\n\n<p><sup>*1 <\/sup>Nos reservamos el derecho de modificar los recorridos aqu\u00ed previstos en favor de las peticiones de los clientes si todav\u00eda no hay una reserva para el recorrido en cuesti\u00f3n.<\/p>\n\n\n<p>","protected":false},"excerpt":{"rendered":"<p>En esta p\u00e1gina se encuentra los excursiones previstos actualmente.Estaremos encantados de ofrecerle viajes y excursiones adicionales a petici\u00f3n. Por favor, utilice el formulario de contacto para concertar con nosotros las fechas o excursiones que desee de forma individual. Para los recorridos mostrados aqu\u00ed damos una garant\u00eda a partir de dos participantes.Los precios son \u20ac49,&#8211; por &hellip; <\/p>\n<p class=\"link-more\"><a href=\"https:\/\/lanzarote-feeling.com\/es\/programm\/\" class=\"more-link\">Continuar leyendo<span class=\"screen-reader-text\"> \u00abPrograma\u00bb<\/span><\/a><\/p>\n","protected":false},"author":5,"featured_media":0,"parent":0,"menu_order":0,"comment_status":"closed","ping_status":"closed","template":"","meta":{"footnotes":""},"class_list":["post-1442","page","type-page","status-publish","hentry"],"translation":{"provider":"WPGlobus","version":"3.0.2","language":"es","enabled_languages":["de","en","es"],"languages":{"de":{"title":true,"content":true,"excerpt":false},"en":{"title":true,"content":true,"excerpt":false},"es":{"title":true,"content":true,"excerpt":false}}},"aioseo_notices":[],"_links":{"self":[{"href":"https:\/\/lanzarote-feeling.com\/es\/wp-json\/wp\/v2\/pages\/1442","targetHints":{"allow":["GET"]}}],"collection":[{"href":"https:\/\/lanzarote-feeling.com\/es\/wp-json\/wp\/v2\/pages"}],"about":[{"href":"https:\/\/lanzarote-feeling.com\/es\/wp-json\/wp\/v2\/types\/page"}],"author":[{"embeddable":true,"href":"https:\/\/lanzarote-feeling.com\/es\/wp-json\/wp\/v2\/users\/5"}],"replies":[{"embeddable":true,"href":"https:\/\/lanzarote-feeling.com\/es\/wp-json\/wp\/v2\/comments?post=1442"}],"version-history":[{"count":27,"href":"https:\/\/lanzarote-feeling.com\/es\/wp-json\/wp\/v2\/pages\/1442\/revisions"}],"predecessor-version":[{"id":5729,"href":"https:\/\/lanzarote-feeling.com\/es\/wp-json\/wp\/v2\/pages\/1442\/revisions\/5729"}],"wp:attachment":[{"href":"https:\/\/lanzarote-feeling.com\/es\/wp-json\/wp\/v2\/media?parent=1442"}],"curies":[{"name":"wp","href":"https:\/\/api.w.org\/{rel}","templated":true}]}}