{"id":216,"date":"2019-09-16T13:58:07","date_gmt":"2019-09-16T13:58:07","guid":{"rendered":"https:\/\/lanzarote-feeling.com\/?page_id=216"},"modified":"2025-09-13T12:58:26","modified_gmt":"2025-09-13T11:58:26","slug":"ueber-uns","status":"publish","type":"page","link":"https:\/\/lanzarote-feeling.com\/es\/ueber-uns\/","title":{"rendered":"Qui\u00e9nes somos"},"content":{"rendered":"\n<p>Somos CoKo y -m*sh-<\/p>\n\n\n\n<figure class=\"wp-block-image size-large\"><img loading=\"lazy\" decoding=\"async\" width=\"1024\" height=\"576\" src=\"https:\/\/lanzarote-feeling.com\/wp-content\/uploads\/2019\/10\/mash_coko_001a-1024x576.jpg\" alt=\"\" class=\"wp-image-453\" srcset=\"https:\/\/lanzarote-feeling.com\/wp-content\/uploads\/2019\/10\/mash_coko_001a-1024x576.jpg 1024w, https:\/\/lanzarote-feeling.com\/wp-content\/uploads\/2019\/10\/mash_coko_001a-300x169.jpg 300w, https:\/\/lanzarote-feeling.com\/wp-content\/uploads\/2019\/10\/mash_coko_001a-768x432.jpg 768w, https:\/\/lanzarote-feeling.com\/wp-content\/uploads\/2019\/10\/mash_coko_001a.jpg 1600w\" sizes=\"auto, (max-width: 767px) 89vw, (max-width: 1000px) 54vw, (max-width: 1071px) 543px, 580px\" \/><figcaption class=\"wp-element-caption\">Imagen de Andrea Wischerhoff &#8211; <em>Gracias<\/em><\/figcaption><\/figure>\n\n\n\n<p>Vivimos permanentemente en Lanzarote, ya que el sentimiento de Lanzarote nos ha atrapado desde hace m\u00e1s tiempo. Nos encanta la m\u00fasica, la naturaleza, la gente y sus historias y como fot\u00f3grafos ambiciosos tambi\u00e9n nos encantan los detalles que se pueden encontrar en cualquier lugar de la isla.<\/p>\n\n\n\n<div class=\"wp-block-columns is-layout-flex wp-container-core-columns-is-layout-9d6595d7 wp-block-columns-is-layout-flex\">\n<div class=\"wp-block-column is-layout-flow wp-block-column-is-layout-flow\">\n<figure class=\"wp-block-image size-large\"><img loading=\"lazy\" decoding=\"async\" width=\"1024\" height=\"684\" src=\"https:\/\/lanzarote-feeling.com\/wp-content\/uploads\/2019\/08\/coko_photo_2019-08-31_21-16-21-1024x684.jpg\" alt=\"\" class=\"wp-image-151\" srcset=\"https:\/\/lanzarote-feeling.com\/wp-content\/uploads\/2019\/08\/coko_photo_2019-08-31_21-16-21.jpg 1024w, https:\/\/lanzarote-feeling.com\/wp-content\/uploads\/2019\/08\/coko_photo_2019-08-31_21-16-21-300x200.jpg 300w, https:\/\/lanzarote-feeling.com\/wp-content\/uploads\/2019\/08\/coko_photo_2019-08-31_21-16-21-768x513.jpg 768w\" sizes=\"auto, (max-width: 767px) 89vw, (max-width: 1000px) 54vw, (max-width: 1071px) 543px, 580px\" \/><figcaption class=\"wp-element-caption\">CoKo &#8211; Cordula Koch<\/figcaption><\/figure>\n<\/div>\n\n\n\n<div class=\"wp-block-column is-layout-flow wp-block-column-is-layout-flow\">\n<figure class=\"wp-block-image size-large is-resized\"><img loading=\"lazy\" decoding=\"async\" width=\"1024\" height=\"768\" src=\"https:\/\/lanzarote-feeling.com\/wp-content\/uploads\/2019\/08\/mash_by_coko_gayo_040-1024x768.jpg\" alt=\"\" class=\"wp-image-149\" style=\"width:286px;height:214px\" srcset=\"https:\/\/lanzarote-feeling.com\/wp-content\/uploads\/2019\/08\/mash_by_coko_gayo_040-1024x768.jpg 1024w, https:\/\/lanzarote-feeling.com\/wp-content\/uploads\/2019\/08\/mash_by_coko_gayo_040-300x225.jpg 300w, https:\/\/lanzarote-feeling.com\/wp-content\/uploads\/2019\/08\/mash_by_coko_gayo_040-768x576.jpg 768w, https:\/\/lanzarote-feeling.com\/wp-content\/uploads\/2019\/08\/mash_by_coko_gayo_040.jpg 1280w\" sizes=\"auto, (max-width: 767px) 89vw, (max-width: 1000px) 54vw, (max-width: 1071px) 543px, 580px\" \/><figcaption class=\"wp-element-caption\">Harry -m*sh- Graner<\/figcaption><\/figure>\n<\/div>\n<\/div>\n\n\n\n<div class=\"wp-block-columns is-layout-flex wp-container-core-columns-is-layout-9d6595d7 wp-block-columns-is-layout-flex\">\n<div class=\"wp-block-column is-layout-flow wp-block-column-is-layout-flow\">\n<p>Estuve en Lanzarote por primera vez en 1999. En las innumerables vacaciones que siguieron, am\u00e9 la isla m\u00e1s y m\u00e1s hasta que decid\u00ed en 2015 \u00abNo quiero irme m\u00e1s de aqu\u00ed\u00bb. La isla se ha convertido en el hogar de mi alma. Desde mayo de 2018 vivo permanentemente en Lanzarote y nunca me he arrepentido de mi decisi\u00f3n.<\/p>\n<\/div>\n\n\n\n<div class=\"wp-block-column is-layout-flow wp-block-column-is-layout-flow\">\n<p>Desde 1999 me he dedicado intensamente a las caracter\u00edsticas especiales de esta reserva de biosfera \u00fanica. Aparte de la flora y la fauna, es principalmente la geolog\u00eda, que me inspira aqu\u00ed una y otra vez con su rica diversidad. Pero tambi\u00e9n me gusta mucho la gente y su historia.<br>En 2008 empec\u00e9 a ofrecer visitas guiadas aqu\u00ed en Lanzarote y desde 2011 vivo permanentemente en \u00abnuestra isla\u00bb.<\/p>\n<\/div>\n<\/div>\n","protected":false},"excerpt":{"rendered":"<p>Somos CoKo y -m*sh- Vivimos permanentemente en Lanzarote, ya que el sentimiento de Lanzarote nos ha atrapado desde hace m\u00e1s tiempo. Nos encanta la m\u00fasica, la naturaleza, la gente y sus historias y como fot\u00f3grafos ambiciosos tambi\u00e9n nos encantan los detalles que se pueden encontrar en cualquier lugar de la isla. Estuve en Lanzarote por &hellip; <\/p>\n<p class=\"link-more\"><a href=\"https:\/\/lanzarote-feeling.com\/es\/ueber-uns\/\" class=\"more-link\">Continuar leyendo<span class=\"screen-reader-text\"> \u00abQui\u00e9nes somos\u00bb<\/span><\/a><\/p>\n","protected":false},"author":5,"featured_media":0,"parent":0,"menu_order":0,"comment_status":"closed","ping_status":"closed","template":"","meta":{"footnotes":""},"class_list":["post-216","page","type-page","status-publish","hentry"],"translation":{"provider":"WPGlobus","version":"3.0.2","language":"es","enabled_languages":["de","en","es"],"languages":{"de":{"title":true,"content":true,"excerpt":false},"en":{"title":true,"content":true,"excerpt":false},"es":{"title":true,"content":true,"excerpt":false}}},"aioseo_notices":[],"_links":{"self":[{"href":"https:\/\/lanzarote-feeling.com\/es\/wp-json\/wp\/v2\/pages\/216","targetHints":{"allow":["GET"]}}],"collection":[{"href":"https:\/\/lanzarote-feeling.com\/es\/wp-json\/wp\/v2\/pages"}],"about":[{"href":"https:\/\/lanzarote-feeling.com\/es\/wp-json\/wp\/v2\/types\/page"}],"author":[{"embeddable":true,"href":"https:\/\/lanzarote-feeling.com\/es\/wp-json\/wp\/v2\/users\/5"}],"replies":[{"embeddable":true,"href":"https:\/\/lanzarote-feeling.com\/es\/wp-json\/wp\/v2\/comments?post=216"}],"version-history":[{"count":0,"href":"https:\/\/lanzarote-feeling.com\/es\/wp-json\/wp\/v2\/pages\/216\/revisions"}],"wp:attachment":[{"href":"https:\/\/lanzarote-feeling.com\/es\/wp-json\/wp\/v2\/media?parent=216"}],"curies":[{"name":"wp","href":"https:\/\/api.w.org\/{rel}","templated":true}]}}