{"id":252,"date":"2019-09-16T15:29:34","date_gmt":"2019-09-16T15:29:34","guid":{"rendered":"https:\/\/lanzarote-feeling.com\/?page_id=252"},"modified":"2020-07-20T13:29:44","modified_gmt":"2020-07-20T13:29:44","slug":"photographie","status":"publish","type":"page","link":"https:\/\/lanzarote-feeling.com\/es\/photographie\/","title":{"rendered":"Fotograf\u00eda"},"content":{"rendered":"\n<p>Ofrecemos varios servicios en el campo de la fotograf\u00eda:<\/p>\n\n\n\n<ul class=\"wp-block-list\"><li><a href=\"\/paarshooting\/\">sesi\u00f3n de fotos para parejas<\/a><\/li><li>Eventos<\/li><li><a href=\"\/photoworkshops\">talleres de fotograf\u00eda<\/a><\/li><li><a href=\"\/bilder-fuer-deinen-web-auftritt\/\">fotos para su presencia en la web<\/a><\/li><li><a href=\"\/locationscout\">Buscador de localizaciones para sus sessiones fotograficas<\/a><\/li><li><a href=\"\/immobilien\">Inmobiliarias<\/a><\/li><\/ul>\n\n\n\n<p>\u2026 y por supuesto tambi\u00e9n puedes comprar nuestras m\u00e1s bellas fotos de Lanzarote como originales de alta resoluci\u00f3n e imprimirlas t\u00fa mismo (\u00f3 d\u00e9jalas imprimir) para colgarlas en la pared de tu apartamento.<\/p>\n\n\n\n<p>Como participante en nuestros tours, nos complace proporcionarle las fotos que tomamos en el camino (tal vez tambi\u00e9n fotos de vosotros) por una peque\u00f1a cuota.<\/p>\n","protected":false},"excerpt":{"rendered":"<p>Ofrecemos varios servicios en el campo de la fotograf\u00eda: sesi\u00f3n de fotos para parejas Eventos talleres de fotograf\u00eda fotos para su presencia en la web Buscador de localizaciones para sus sessiones fotograficas Inmobiliarias \u2026 y por supuesto tambi\u00e9n puedes comprar nuestras m\u00e1s bellas fotos de Lanzarote como originales de alta resoluci\u00f3n e imprimirlas t\u00fa mismo &hellip; <\/p>\n<p class=\"link-more\"><a href=\"https:\/\/lanzarote-feeling.com\/es\/photographie\/\" class=\"more-link\">Continuar leyendo<span class=\"screen-reader-text\"> \u00abFotograf\u00eda\u00bb<\/span><\/a><\/p>\n","protected":false},"author":5,"featured_media":0,"parent":0,"menu_order":0,"comment_status":"closed","ping_status":"closed","template":"","meta":{"footnotes":""},"class_list":["post-252","page","type-page","status-publish","hentry"],"translation":{"provider":"WPGlobus","version":"3.0.2","language":"es","enabled_languages":["de","en","es"],"languages":{"de":{"title":true,"content":true,"excerpt":false},"en":{"title":true,"content":true,"excerpt":false},"es":{"title":true,"content":true,"excerpt":false}}},"aioseo_notices":[],"_links":{"self":[{"href":"https:\/\/lanzarote-feeling.com\/es\/wp-json\/wp\/v2\/pages\/252","targetHints":{"allow":["GET"]}}],"collection":[{"href":"https:\/\/lanzarote-feeling.com\/es\/wp-json\/wp\/v2\/pages"}],"about":[{"href":"https:\/\/lanzarote-feeling.com\/es\/wp-json\/wp\/v2\/types\/page"}],"author":[{"embeddable":true,"href":"https:\/\/lanzarote-feeling.com\/es\/wp-json\/wp\/v2\/users\/5"}],"replies":[{"embeddable":true,"href":"https:\/\/lanzarote-feeling.com\/es\/wp-json\/wp\/v2\/comments?post=252"}],"version-history":[{"count":0,"href":"https:\/\/lanzarote-feeling.com\/es\/wp-json\/wp\/v2\/pages\/252\/revisions"}],"wp:attachment":[{"href":"https:\/\/lanzarote-feeling.com\/es\/wp-json\/wp\/v2\/media?parent=252"}],"curies":[{"name":"wp","href":"https:\/\/api.w.org\/{rel}","templated":true}]}}