{"id":2902,"date":"2021-12-19T16:16:02","date_gmt":"2021-12-19T15:16:02","guid":{"rendered":"https:\/\/lanzarote-feeling.com\/?page_id=2902"},"modified":"2022-10-13T16:21:18","modified_gmt":"2022-10-13T15:21:18","slug":"ablauf","status":"publish","type":"page","link":"https:\/\/lanzarote-feeling.com\/es\/ablauf\/","title":{"rendered":"Transcurso"},"content":{"rendered":"\n<p>\u00bfC\u00f3mo funciona la reserva de excursiones y viajes en Lanzarote-Feeling?<br>Puede encontrar las respuestas aqu\u00ed.<\/p>\n\n\n\n<figure class=\"wp-block-image size-large\"><img loading=\"lazy\" decoding=\"async\" width=\"1024\" height=\"576\" src=\"https:\/\/lanzarote-feeling.com\/wp-content\/uploads\/2019\/11\/pico_redondo_2016_jan_119_xs_lf-1024x576.jpg\" alt=\"\" class=\"wp-image-487\" srcset=\"https:\/\/lanzarote-feeling.com\/wp-content\/uploads\/2019\/11\/pico_redondo_2016_jan_119_xs_lf-1024x576.jpg 1024w, https:\/\/lanzarote-feeling.com\/wp-content\/uploads\/2019\/11\/pico_redondo_2016_jan_119_xs_lf-300x169.jpg 300w, https:\/\/lanzarote-feeling.com\/wp-content\/uploads\/2019\/11\/pico_redondo_2016_jan_119_xs_lf-768x432.jpg 768w, https:\/\/lanzarote-feeling.com\/wp-content\/uploads\/2019\/11\/pico_redondo_2016_jan_119_xs_lf.jpg 1200w\" sizes=\"auto, (max-width: 767px) 89vw, (max-width: 1000px) 54vw, (max-width: 1071px) 543px, 580px\" \/><\/figure>\n\n\n\n<p><strong>Preparaci\u00f3n<\/strong><\/p>\n\n\n\n<p>Tan pronto como se fije el periodo de viaje y se reserve el viaje a Lanzarote, le recomendamos que rellene nuestro <a href=\"http:\/\/lanzarote-feeling.com\/programm\" target=\"_blank\" rel=\"noreferrer noopener\">formulario de contacto<\/a> para que podamos mantenerle informado sobre los cambios de programa y las ofertas vigentes en su periodo de viaje.<\/p>\n\n\n\n<p>Rellenar el formulario de contacto no es en absoluto vinculante, incluso si ya est\u00e1 solicitando una visita espec\u00edfica.<\/p>\n\n\n\n<p>Como s\u00f3lo viajamos en grupos muy reducidos, suele ocurrir que las excursiones est\u00e9n totalmente reservadas con antelaci\u00f3n. Por ello, le recomendamos que reserve las excursiones que desee con la mayor antelaci\u00f3n posible.<\/p>\n\n\n\n<p>Por cierto, siempre puede enviarnos una solicitud para a\u00f1adir un determinado viaje a nuestro programa durante su periodo de viaje.<\/p>\n\n\n\n<p>Si no, siempre puede encontrar nuestro programa actual aqu\u00ed: l<a href=\"http:\/\/anzarote-feeling.com\/programm\" target=\"_blank\" rel=\"noreferrer noopener\">anzarote-feeling.com\/program<\/a><\/p>\n\n\n\n<p>El contacto vinculante s\u00f3lo es posible por correo electr\u00f3nico.<\/p>\n\n\n\n<p>Los cambios a corto plazo en la hora, el punto de encuentro o la informaci\u00f3n sobre el tiempo previsto tambi\u00e9n se pueden comunicar a trav\u00e9s de sistemas de mensajer\u00eda como WhatsApp, Telegram o Signal, por lo que tambi\u00e9n solicitamos su n\u00famero de tel\u00e9fono en el formulario de contacto.<\/p>\n\n\n\n<p class=\"has-medium-font-size\"><strong>Reservar<\/strong><\/p>\n\n\n\n<p>Si desea hacer una reserva vinculante para una excursi\u00f3n, conf\u00edrmelo de manera informal en nuestra comunicaci\u00f3n por correo electr\u00f3nico.<\/p>\n\n\n\n<p>A continuaci\u00f3n, recibir\u00e1 una confirmaci\u00f3n de la reserva con el servicio reservado, el precio total y la fecha del viaje.<\/p>\n\n\n\n<p>Puede cancelar su viaje de forma gratuita en el plazo de un d\u00eda tras recibir la confirmaci\u00f3n de la reserva. Encontrar\u00e1 las condiciones de anulaci\u00f3n al final de este documento.<\/p>\n\n\n\n<p class=\"has-medium-font-size\"><strong>Realizaci\u00f3n de la excursi\u00f3n<\/strong><\/p>\n\n\n\n<p>Por regla general, recibir\u00e1 un recordatorio entre 24 y 48 horas antes de la excursi\u00f3n (a m\u00e1s tardar la noche anterior a la excursi\u00f3n reservada) con la hora exacta de inicio y un enlace al punto de encuentro, as\u00ed como informaci\u00f3n sobre el tiempo actual (ropa, cantidad de agua etc.).<\/p>\n\n\n\n<p class=\"has-medium-font-size\"><strong>Precios y pagos<\/strong><\/p>\n\n\n\n<p>Los precios de los recorridos est\u00e1ndar se encuentran en la descripci\u00f3n de cada uno de ellos en nuestra p\u00e1gina web. Para peticiones especiales, etc., encontrar\u00e1 <a href=\"http:\/\/anzarote-feeling.com\/preise\" target=\"_blank\" rel=\"noreferrer noopener\">m\u00e1s informaci\u00f3n aqu\u00ed.<\/a><\/p>\n\n\n\n<p>Puede pagar en efectivo despu\u00e9s de la visita, o bien puede transferir el precio de la visita por adelantado. En este \u00faltimo caso, deber\u00e1 expresar este deseo por escrito junto con su reserva para que podamos informarle de nuestros datos bancarios con la debida antelaci\u00f3n.<\/p>\n\n\n\n<p>Si necesita una factura, tambi\u00e9n le pedimos que lo indique en relaci\u00f3n con la reserva.<\/p>\n\n\n\n<p class=\"has-medium-font-size\"><strong>Condiciones de anulaci\u00f3n y plazo de inscripci\u00f3n<\/strong><\/p>\n\n\n\n<p>El plazo de inscripci\u00f3n para excursiones del programa es siempre de 24 horas antes del inicio de la visita.<\/p>\n\n\n\n<p>Las cancelaciones hasta 2 semanas antes de la excursi\u00f3n reservado o dentro de los dos d\u00edas siguientes a la recepci\u00f3n de la confirmaci\u00f3n de la reserva son gratuitas.<br>Cancelaci\u00f3n hasta 1 semana antes de la excursi\u00f3n : 50% del precio (=precio total sin incluir la recogida acordada).<br>En el caso de las cancelaciones que se produzcan en los \u00faltimos 6 d\u00edas antes del viaje programado, se deber\u00e1 pagar el precio total del viaje.<\/p>\n\n\n\n<p>Si la reserva se realiza y se confirma tres d\u00edas (o menos) antes del viaje programado, puede cancelarse sin coste alguno hasta un m\u00e1ximo de 24 horas antes del viaje.<\/p>\n\n\n\n<p>En caso de <strong>no presentarse<\/strong>, se deber\u00e1 abonar el precio total del viaje.<\/p>\n\n\n\n<p>Por <strong>no presentarse<\/strong> se entiende que el participante no se presenta en el punto de encuentro o en el lugar de recogida o que cancela 24 horas antes del inicio del servicio reservado (despu\u00e9s de la fecha l\u00edmite de inscripci\u00f3n). El siguiente p\u00e1rrafo tambi\u00e9n se aplica aqu\u00ed:<\/p>\n\n\n\n<p>En el caso de una <strong>cancelaci\u00f3n verificable<\/strong> no causada por el propio participante (certificado m\u00e9dico, fuerza mayor, etc.), se pagar\u00e1 el 20% del precio del viaje en concepto de gastos de gesti\u00f3n.<\/p>\n\n\n\n<p>En caso de anulaci\u00f3n por nuestra parte, se le reembolsar\u00e1n, por supuesto, los anticipos ya efectuados. Si nos vemos obligados a cambiar la fecha de un viaje programado o a ofrecer un viaje alternativo debido a las condiciones meteorol\u00f3gicas, puede cancelarlo sin coste alguno.<\/p>\n","protected":false},"excerpt":{"rendered":"<p>\u00bfC\u00f3mo funciona la reserva de excursiones y viajes en Lanzarote-Feeling?Puede encontrar las respuestas aqu\u00ed. Preparaci\u00f3n Tan pronto como se fije el periodo de viaje y se reserve el viaje a Lanzarote, le recomendamos que rellene nuestro formulario de contacto para que podamos mantenerle informado sobre los cambios de programa y las ofertas vigentes en su &hellip; <\/p>\n<p class=\"link-more\"><a href=\"https:\/\/lanzarote-feeling.com\/es\/ablauf\/\" class=\"more-link\">Continuar leyendo<span class=\"screen-reader-text\"> \u00abTranscurso\u00bb<\/span><\/a><\/p>\n","protected":false},"author":5,"featured_media":0,"parent":0,"menu_order":0,"comment_status":"closed","ping_status":"closed","template":"","meta":{"footnotes":""},"class_list":["post-2902","page","type-page","status-publish","hentry"],"translation":{"provider":"WPGlobus","version":"3.0.2","language":"es","enabled_languages":["de","en","es"],"languages":{"de":{"title":true,"content":true,"excerpt":false},"en":{"title":true,"content":true,"excerpt":false},"es":{"title":true,"content":true,"excerpt":false}}},"aioseo_notices":[],"_links":{"self":[{"href":"https:\/\/lanzarote-feeling.com\/es\/wp-json\/wp\/v2\/pages\/2902","targetHints":{"allow":["GET"]}}],"collection":[{"href":"https:\/\/lanzarote-feeling.com\/es\/wp-json\/wp\/v2\/pages"}],"about":[{"href":"https:\/\/lanzarote-feeling.com\/es\/wp-json\/wp\/v2\/types\/page"}],"author":[{"embeddable":true,"href":"https:\/\/lanzarote-feeling.com\/es\/wp-json\/wp\/v2\/users\/5"}],"replies":[{"embeddable":true,"href":"https:\/\/lanzarote-feeling.com\/es\/wp-json\/wp\/v2\/comments?post=2902"}],"version-history":[{"count":0,"href":"https:\/\/lanzarote-feeling.com\/es\/wp-json\/wp\/v2\/pages\/2902\/revisions"}],"wp:attachment":[{"href":"https:\/\/lanzarote-feeling.com\/es\/wp-json\/wp\/v2\/media?parent=2902"}],"curies":[{"name":"wp","href":"https:\/\/api.w.org\/{rel}","templated":true}]}}