{"id":30,"date":"2019-08-28T15:11:24","date_gmt":"2019-08-28T15:11:24","guid":{"rendered":"https:\/\/lanzarote-feeling.com\/?page_id=30"},"modified":"2024-10-16T11:38:23","modified_gmt":"2024-10-16T10:38:23","slug":"exkursionen","status":"publish","type":"page","link":"https:\/\/lanzarote-feeling.com\/es\/exkursionen\/","title":{"rendered":"Excursiones"},"content":{"rendered":"<div id=\"envira-gallery-wrap-2119\" class=\"envira-gallery-wrap  envira-lazy-loading-enabled envira-layout-automatic\" itemscope itemtype=\"http:\/\/schema.org\/ImageGallery\"><div class=\"envira-loader\"><div><\/div><div><\/div><div><\/div><div><\/div><\/div><div data-envira-id=\"2119\" data-gallery-config='{\"type\":\"default\",\"layout\":\"automatic\",\"columns\":\"0\",\"gallery_theme\":\"base\",\"justified_margins\":1,\"justified_last_row\":\"nojustify\",\"lazy_loading\":1,\"lazy_loading_delay\":500,\"gutter\":10,\"margin\":10,\"image_size\":\"default\",\"square_size\":300,\"crop_width\":640,\"crop_height\":480,\"crop\":0,\"crop_position\":\"c\",\"additional_copy_0\":0,\"additional_copy_title\":0,\"additional_copy_caption\":0,\"additional_copy_title_caption\":0,\"additional_copy_0_mobile\":0,\"additional_copy_title_mobile\":0,\"additional_copy_caption_mobile\":0,\"additional_copy_title_caption_mobile\":0,\"gallery_column_title_caption\":\"0\",\"gallery_column_title_caption_mobile\":\"0\",\"additional_copy_automatic_0\":0,\"additional_copy_automatic_title\":0,\"additional_copy_automatic_caption\":0,\"additional_copy_automatic_title_caption\":0,\"additional_copy_automatic_0_mobile\":0,\"additional_copy_automatic_title_mobile\":0,\"additional_copy_automatic_caption_mobile\":0,\"additional_copy_automatic_title_caption_mobile\":0,\"gallery_automatic_title_caption\":\"0\",\"gallery_automatic_title_caption_mobile\":\"0\",\"justified_row_height\":150,\"description_position\":\"0\",\"description\":\"\",\"random\":\"0\",\"sort_order\":\"0\",\"sorting_direction\":\"ASC\",\"image_sizes_random\":[],\"isotope\":0,\"lightbox_enabled\":1,\"gallery_link_enabled\":1,\"lightbox_theme\":\"base_dark\",\"lightbox_image_size\":\"default\",\"title_display\":\"float\",\"lightbox_title_caption\":\"title\",\"arrows\":1,\"arrows_position\":\"inside\",\"toolbar\":1,\"toolbar_title\":0,\"toolbar_position\":\"top\",\"loop\":1,\"lightbox_open_close_effect\":\"fade\",\"effect\":\"fade\",\"supersize\":0,\"thumbnails_toggle\":0,\"thumbnails_hide\":0,\"image_counter\":0,\"thumbnails\":1,\"thumbnails_width\":\"auto\",\"thumbnails_height\":\"auto\",\"thumbnails_position\":\"bottom\",\"thumbnails_custom_size\":0,\"mobile\":1,\"mobile_width\":320,\"mobile_height\":240,\"mobile_lightbox\":1,\"mobile_gallery_link_enabled\":0,\"mobile_arrows\":1,\"mobile_toolbar\":1,\"mobile_thumbnails\":1,\"mobile_touchwipe_close\":0,\"mobile_thumbnails_width\":75,\"mobile_thumbnails_height\":50,\"mobile_justified_row_height\":80,\"keyboard\":true,\"standalone_template\":\"\",\"classes\":[\"\"],\"rtl\":0,\"slug\":\"excursions\",\"gallery_id\":2119}' data-gallery-images='[{\"status\":\"active\",\"src\":\"https:\\\/\\\/lanzarote-feeling.com\\\/wp-content\\\/uploads\\\/2021\\\/09\\\/barranco_maramajo_085a_clw.jpg\",\"title\":\"Wandern mit Freund(inn)en\",\"link\":\"https:\\\/\\\/lanzarote-feeling.com\\\/wp-content\\\/uploads\\\/2021\\\/09\\\/barranco_maramajo_085a_clw.jpg\",\"alt\":\"\",\"caption\":false,\"thumb\":\"https:\\\/\\\/lanzarote-feeling.com\\\/wp-content\\\/uploads\\\/2021\\\/09\\\/barranco_maramajo_085a_clw-75x50_c.jpg\",\"meta\":{\"aperture\":\"4\",\"credit\":\"(C)-m*sh- photography@qimanfaya.net\",\"camera\":\"NIKON D500\",\"caption\":\"\",\"created_timestamp\":\"1579182581\",\"copyright\":\"(C) -m*sh- 2004,2019 mail: photography@qimanfaya.net License: No Licensing\",\"focal_length\":\"95\",\"iso\":\"100\",\"shutter_speed\":\"0.001\",\"title\":\"\",\"orientation\":\"1\",\"keywords\":null,\"resized_images\":null},\"thumbnail\":\"https:\\\/\\\/lanzarote-feeling.com\\\/wp-content\\\/uploads\\\/2021\\\/09\\\/barranco_maramajo_085a_clw-150x150.jpg\",\"medium\":\"https:\\\/\\\/lanzarote-feeling.com\\\/wp-content\\\/uploads\\\/2021\\\/09\\\/barranco_maramajo_085a_clw-300x169.jpg\",\"medium_large\":\"https:\\\/\\\/lanzarote-feeling.com\\\/wp-content\\\/uploads\\\/2021\\\/09\\\/barranco_maramajo_085a_clw-768x432.jpg\",\"large\":\"https:\\\/\\\/lanzarote-feeling.com\\\/wp-content\\\/uploads\\\/2021\\\/09\\\/barranco_maramajo_085a_clw-1024x576.jpg\",\"1536x1536\":\"https:\\\/\\\/lanzarote-feeling.com\\\/wp-content\\\/uploads\\\/2021\\\/09\\\/barranco_maramajo_085a_clw.jpg\",\"2048x2048\":\"https:\\\/\\\/lanzarote-feeling.com\\\/wp-content\\\/uploads\\\/2021\\\/09\\\/barranco_maramajo_085a_clw.jpg\",\"twentyseventeen-featured-image\":\"https:\\\/\\\/lanzarote-feeling.com\\\/wp-content\\\/uploads\\\/2021\\\/09\\\/barranco_maramajo_085a_clw.jpg\",\"twentyseventeen-thumbnail-avatar\":\"https:\\\/\\\/lanzarote-feeling.com\\\/wp-content\\\/uploads\\\/2021\\\/09\\\/barranco_maramajo_085a_clw.jpg\",\"full\":\"https:\\\/\\\/lanzarote-feeling.com\\\/wp-content\\\/uploads\\\/2021\\\/09\\\/barranco_maramajo_085a_clw.jpg\",\"index\":0,\"id\":2120,\"video\":false,\"opts\":{\"caption\":\"\",\"thumb\":\"https:\\\/\\\/lanzarote-feeling.com\\\/wp-content\\\/uploads\\\/2021\\\/09\\\/barranco_maramajo_085a_clw-75x50_c.jpg\",\"title\":\"Wandern mit Freund(inn)en\"},\"gallery_id\":2119}]' data-lightbox-theme='{&quot;arrows&quot;:true,&quot;margins&quot;:[120,0],&quot;gutter&quot;:&quot;100&quot;,&quot;thumbs_position&quot;:&quot;bottom&quot;,&quot;base_template&quot;:&quot;&lt;div id=\\&quot;envirabox-2119\\&quot; data-envirabox-id=\\&quot;2119\\&quot; class=\\&quot;envirabox-container envirabox-theme-base_dark envirabox-wrap\\&quot; role=\\&quot;dialog\\&quot;&gt;&lt;div class=\\&quot;envirabox-bg\\&quot;&gt;&lt;\\\/div&gt;&lt;div class=\\&quot;envirabox-outer\\&quot;&gt;&lt;div class=\\&quot;envirabox-inner\\&quot;&gt;&lt;div class=\\&quot;envirabox-caption-wrap\\&quot;&gt;&lt;div class=\\&quot;envirabox-title\\&quot;&gt;&lt;\\\/div&gt;&lt;\\\/div&gt;&lt;div class=\\&quot;envirabox-toolbar\\&quot;&gt;&lt;div class=\\&quot;envira-close-button\\&quot;&gt;&lt;a data-envirabox-close class=\\&quot;envirabox-item envirabox-close envirabox-button--close\\&quot; title=\\&quot;Close\\&quot; href=\\&quot;#\\&quot;&gt;&lt;\\\/a&gt;&lt;\\\/div&gt;&lt;\\\/div&gt;&lt;div class=\\&quot;envirabox-navigation\\&quot;&gt;&lt;a data-envirabox-prev title=\\&quot;Prev\\&quot; class=\\&quot;envirabox-arrow envirabox-arrow--left envirabox-nav envirabox-prev\\&quot; href=\\&quot;#\\&quot;&gt;&lt;span&gt;&lt;\\\/span&gt;&lt;\\\/a&gt;&lt;a data-envirabox-next title=\\&quot;Next\\&quot; class=\\&quot;envirabox-arrow envirabox-arrow--right envirabox-nav envirabox-next\\&quot; href=\\&quot;#\\&quot;&gt;&lt;span&gt;&lt;\\\/span&gt;&lt;\\\/a&gt;&lt;\\\/div&gt;&lt;div class=\\&quot;envirabox-stage\\&quot;&gt;&lt;\\\/div&gt;&lt;\\\/div&gt;&lt;\\\/div&gt;&lt;\\\/div&gt;&quot;,&quot;load_all&quot;:false,&quot;error_template&quot;:&quot;&lt;div class=\\&quot;envirabox-error\\&quot;&gt;&lt;p&gt;{{ERROR}}&lt;p&gt;&lt;\\\/div&gt;&quot;,&quot;inner_caption&quot;:false,&quot;caption_position&quot;:false,&quot;arrow_position&quot;:false,&quot;toolbar&quot;:true,&quot;infobar&quot;:false,&quot;show_smallbtn&quot;:false,&quot;idle_time&quot;:false,&quot;click_content&quot;:false,&quot;click_slide&quot;:false,&quot;click_outside&quot;:false,&quot;animation_duration&quot;:false,&quot;transition_duration&quot;:false,&quot;small_btn_template&quot;:&quot;&lt;a data-envirabox-close class=\\&quot;envirabox-item envirabox-close envirabox-button--close\\&quot; title=\\&quot;Close\\&quot; href=\\&quot;#\\&quot;&gt;&lt;\\\/a&gt;&quot;}' id=\"envira-gallery-2119\" class=\"envira-gallery-public envira-gallery-justified-public envira-gallery-0-columns envira-clear\"><div id=\"envira-gallery-item-2120\" class=\"envira-gallery-item envira-gallery-item-1 envira-lazy-load\" style=\"padding-left: 5px; padding-bottom: 10px; padding-right: 5px;\"  itemscope itemtype=\"http:\/\/schema.org\/ImageObject\"><div class=\"envira-gallery-item-inner\"><div class=\"envira-gallery-position-overlay envira-gallery-top-left\"><\/div><div class=\"envira-gallery-position-overlay envira-gallery-top-right\"><\/div><div class=\"envira-gallery-position-overlay envira-gallery-bottom-left\"><\/div><div class=\"envira-gallery-position-overlay envira-gallery-bottom-right\"><\/div><a data-envirabox=\"2119\" href=\"https:\/\/lanzarote-feeling.com\/wp-content\/uploads\/2021\/09\/barranco_maramajo_085a_clw.jpg\" class=\"envira-gallery-2119 envira-gallery-link \" title=\"Wandern mit Freund(inn)en\" data-envira-item-id=\"2120\" data-title=\"Wandern mit Freund(inn)en\" data-caption=\" \" data-envira-retina=\"https:\/\/lanzarote-feeling.com\/wp-content\/uploads\/2021\/09\/barranco_maramajo_085a_clw.jpg\" data-thumb=\"https:\/\/lanzarote-feeling.com\/wp-content\/uploads\/2021\/09\/barranco_maramajo_085a_clw-75x50_c.jpg\"  itemprop=\"contentUrl\" ><img loading=\"lazy\" decoding=\"async\" id=\"envira-gallery-image-2120\" class=\"envira-gallery-image envira-gallery-image-1  envira-lazy\" data-envira-index=\"0\" src=\"https:\/\/lanzarote-feeling.com\/wp-content\/uploads\/2021\/09\/barranco_maramajo_085a_clw-1024x576.jpg\" width=\"640\" height=\"480\" tabindex=\"300\" data-envira-src=\"https:\/\/lanzarote-feeling.com\/wp-content\/uploads\/2021\/09\/barranco_maramajo_085a_clw-1024x576.jpg\" data-envira-gallery-id=\"2119\" data-envira-item-id=\"2120\" data-envirabox=\"2119\" data-automatic-caption=\"\" data-caption=\" \" data-title=\"Wandern mit Freund(inn)en\" alt=\"\" title=\"Wandern mit Freund(inn)en\"  itemprop=\"thumbnailUrl\" data-envira-srcset=\"https:\/\/lanzarote-feeling.com\/wp-content\/uploads\/2021\/09\/barranco_maramajo_085a_clw-1024x576.jpg 400w,https:\/\/lanzarote-feeling.com\/wp-content\/uploads\/2021\/09\/barranco_maramajo_085a_clw-1024x576.jpg 2x\" data-envira-width=\"300\" data-envira-height=\"169\" srcset=\"data:image\/gif;base64,R0lGODlhAQABAIAAAP\/\/\/\/\/\/\/yH5BAEKAAEALAAAAAABAAEAAAICTAEAOw==\" \/><\/a><\/div><\/div><\/div><\/div><noscript><\/noscript>\n\n\n\n<p>Ofrecemos todo lo que pueda imaginar en t\u00e9rminos de excursiones en Lanzarote. Los paseos geol\u00f3gicos guiados en los alrededores de la zona de Timanfaya, o las alturas del risco de Famara, son nuestra especialidad. Tambi\u00e9n ofrecemos muchos otros paseos por toda la isla. Adem\u00e1s, tambi\u00e9n excursiones en bicicleta y en BTT.<\/p>\n\n\n\n<p>Se puede encontrar nuestro programa actual aqu\u00ed: <a href=\".\/es\/programm\" target=\"_blank\" rel=\"noreferrer noopener\">Programa<\/a><br>Por el momento, garantizamos la realizaci\u00f3n de los recorridos del programa aunque s\u00f3lo haya un participante. Tambi\u00e9n puede pedirnos otras excursiones que no est\u00e9n en el programa. Para ello, utilice nuestro <a href=\".\/es\/kontakt\" target=\"_blank\" rel=\"noreferrer noopener\">formulario de contacto.<\/a><\/p>\n\n\n\n<p>Los recorridos de d\u00eda y medio d\u00eda en coche, donde no hay que caminar mucho, pero a\u00fan as\u00ed se conocen los lugares de inter\u00e9s, as\u00ed como los recorridos para discapacitados, personas mayores y familias con ni\u00f1os completan nuestra oferta.<\/p>\n\n\n\n<p>Para las excursiones de (medio) d\u00eda tambi\u00e9n puedes elegir un tema (por ejemplo los \u00abMahos\u00bb, los ind\u00edgenas\/guanches, agua en Lanzarote etc.) o s\u00f3lo en general el norte (Risco de Famara), el sur (Timanfaya, Ajaches) o toda la isla\u2026<\/p>\n\n\n\n<p>Tambi\u00e9n tenemos ofertas especiales para los fot\u00f3grafos. Por \u00faltimo, pero no menos importante, puede reservarnos en exclusiva. Es decir, en el sentido de que no est\u00e1s en un grupo con extra\u00f1os.<\/p>\n\n\n\n<p>Si reserva una excursi\u00f3n por la isla en coche exclusivamente, le ofrecemos las siguientes ventajas:<\/p>\n\n\n\n<ul class=\"wp-block-list\">\n<li>La excursi\u00f3n est\u00e1 garantizada, a menos que una enfermedad o fen\u00f3menos meteorol\u00f3gicos excepcionales impidan su realizaci\u00f3n.<\/li>\n\n\n\n<li>Ustedes son los \u00fanicos participantes.<\/li>\n\n\n\n<li>La excursi\u00f3n se organizar\u00e1 seg\u00fan sus deseos e intereses.<\/li>\n\n\n\n<li>Cancelaci\u00f3n gratuita hasta 7 d\u00edas antes del viaje (si se reserva con 2 semanas o m\u00e1s de antelaci\u00f3n).<\/li>\n<\/ul>\n\n\n\n<p>En \u00e9pocas de gran demanda, no ofrecemos reservas exclusivas. Consulte la disponibilidad a trav\u00e9s del formulario de contacto.<\/p>\n\n\n\n<p>Nota: En todos los excursiones ajustamos el ritmo a los participantes. Nadie debe sentirse apurado. \u00a1Tienes vacaciones!<\/p>\n\n\n\n<p>Las caracter\u00edsticas especiales de nuestros tours: precios moderados e incluso una \u00abgarant\u00eda de devoluci\u00f3n de dinero\u00bb en algunos tours. Las excursiones est\u00e1n disponibles para grupos de dos o m\u00e1s personas, por lo que no hay que esperar a que se junten suficientes personas para hacer la excursi\u00f3n, como sucede con algunos otros proveedores. Todas las visitas se realizan en peque\u00f1os grupos.<\/p>\n\n\n\n<p>Le deseamos unas relajantes vacaciones en \u00abnuestra isla\u00bb y muchas impresiones interesantes.<\/p>\n\n\n\n<p class=\"has-small-font-size\">Por favor, tenga en cuenta que ofrecemos un servicio de recogida\/transferencia desde y hacia el hotel s\u00f3lo por un cargo extra. La recogida en Playa Blanca s\u00f3lo se puede ofrecer para los tours en el sur por razones de organizaci\u00f3n.<\/p>\n","protected":false},"excerpt":{"rendered":"<p>Ofrecemos todo lo que pueda imaginar en t\u00e9rminos de excursiones en Lanzarote. Los paseos geol\u00f3gicos guiados en los alrededores de la zona de Timanfaya, o las alturas del risco de Famara, son nuestra especialidad. Tambi\u00e9n ofrecemos muchos otros paseos por toda la isla. Adem\u00e1s, tambi\u00e9n excursiones en bicicleta y en BTT. Se puede encontrar nuestro &hellip; <\/p>\n<p class=\"link-more\"><a href=\"https:\/\/lanzarote-feeling.com\/es\/exkursionen\/\" class=\"more-link\">Continuar leyendo<span class=\"screen-reader-text\"> \u00abExcursiones\u00bb<\/span><\/a><\/p>\n","protected":false},"author":5,"featured_media":0,"parent":0,"menu_order":0,"comment_status":"closed","ping_status":"closed","template":"","meta":{"footnotes":""},"class_list":["post-30","page","type-page","status-publish","hentry"],"translation":{"provider":"WPGlobus","version":"3.0.2","language":"es","enabled_languages":["de","en","es"],"languages":{"de":{"title":true,"content":true,"excerpt":false},"en":{"title":true,"content":true,"excerpt":false},"es":{"title":true,"content":true,"excerpt":false}}},"aioseo_notices":[],"_links":{"self":[{"href":"https:\/\/lanzarote-feeling.com\/es\/wp-json\/wp\/v2\/pages\/30","targetHints":{"allow":["GET"]}}],"collection":[{"href":"https:\/\/lanzarote-feeling.com\/es\/wp-json\/wp\/v2\/pages"}],"about":[{"href":"https:\/\/lanzarote-feeling.com\/es\/wp-json\/wp\/v2\/types\/page"}],"author":[{"embeddable":true,"href":"https:\/\/lanzarote-feeling.com\/es\/wp-json\/wp\/v2\/users\/5"}],"replies":[{"embeddable":true,"href":"https:\/\/lanzarote-feeling.com\/es\/wp-json\/wp\/v2\/comments?post=30"}],"version-history":[{"count":0,"href":"https:\/\/lanzarote-feeling.com\/es\/wp-json\/wp\/v2\/pages\/30\/revisions"}],"wp:attachment":[{"href":"https:\/\/lanzarote-feeling.com\/es\/wp-json\/wp\/v2\/media?parent=30"}],"curies":[{"name":"wp","href":"https:\/\/api.w.org\/{rel}","templated":true}]}}