{"id":4098,"date":"2023-10-13T15:51:17","date_gmt":"2023-10-13T14:51:17","guid":{"rendered":"https:\/\/lanzarote-feeling.com\/?page_id=4098"},"modified":"2023-10-14T11:25:06","modified_gmt":"2023-10-14T10:25:06","slug":"lanzarote-karte","status":"publish","type":"page","link":"https:\/\/lanzarote-feeling.com\/es\/lanzarote-karte\/","title":{"rendered":"Lanzarote-Karte"},"content":{"rendered":"\n<figure class=\"wp-block-image size-large\"><img loading=\"lazy\" decoding=\"async\" width=\"1024\" height=\"898\" src=\"https:\/\/lanzarote-feeling.com\/wp-content\/uploads\/2023\/11\/IMG_20231105_140131_v2-1024x898.jpg\" alt=\"\" class=\"wp-image-4198\" srcset=\"https:\/\/lanzarote-feeling.com\/wp-content\/uploads\/2023\/11\/IMG_20231105_140131_v2-1024x898.jpg 1024w, https:\/\/lanzarote-feeling.com\/wp-content\/uploads\/2023\/11\/IMG_20231105_140131_v2-300x263.jpg 300w, https:\/\/lanzarote-feeling.com\/wp-content\/uploads\/2023\/11\/IMG_20231105_140131_v2-768x674.jpg 768w, https:\/\/lanzarote-feeling.com\/wp-content\/uploads\/2023\/11\/IMG_20231105_140131_v2-1536x1347.jpg 1536w, https:\/\/lanzarote-feeling.com\/wp-content\/uploads\/2023\/11\/IMG_20231105_140131_v2.jpg 2048w\" sizes=\"auto, (max-width: 767px) 89vw, (max-width: 1000px) 54vw, (max-width: 1071px) 543px, 580px\" \/><\/figure>\n\n\n\n<p>Nach 20 Jahren Arbeit an meiner Lanzarote-Karte pr\u00e4sentieren wir Euch nun die 5. Edition dieser ganz speziellen Karte von Lanzarote. Diese Karte hat ihre eigene Geschichte und zeichnet sich in erster Linie dadurch aus, dass alle Ortsnamen, Vulkane und andere markanten Orte mit den korrekten Namen versehen sind &#8211; was leider auf keine andere im Handel erh\u00e4ltliche Karte zutrifft.<br>Diese Lanzarote-Karte ist auf Stoff gedruckt (so, dass man sie falten kann und auch in den Koffer passt). Die Abmessungen betragen 160x160cm und die Karte ist im Ma\u00dfstab 1:30.100 erstellt worden.<\/p>\n\n\n\n<p>Die Karte beinhaltet auch eine Legende:<\/p>\n\n\n\n<figure class=\"wp-block-image size-large\"><img loading=\"lazy\" decoding=\"async\" width=\"1024\" height=\"795\" src=\"https:\/\/lanzarote-feeling.com\/wp-content\/uploads\/2023\/10\/lanzarote_2023_09_x_legend.jpg-1024x795.png\" alt=\"\" class=\"wp-image-4104\" srcset=\"https:\/\/lanzarote-feeling.com\/wp-content\/uploads\/2023\/10\/lanzarote_2023_09_x_legend.jpg-1024x795.png 1024w, https:\/\/lanzarote-feeling.com\/wp-content\/uploads\/2023\/10\/lanzarote_2023_09_x_legend.jpg-300x233.png 300w, https:\/\/lanzarote-feeling.com\/wp-content\/uploads\/2023\/10\/lanzarote_2023_09_x_legend.jpg-768x597.png 768w, https:\/\/lanzarote-feeling.com\/wp-content\/uploads\/2023\/10\/lanzarote_2023_09_x_legend.jpg.png 1187w\" sizes=\"auto, (max-width: 767px) 89vw, (max-width: 1000px) 54vw, (max-width: 1071px) 543px, 580px\" \/><\/figure>\n\n\n\n<p>Die Karte ist ein echter Hingucker, wenn man sie an die Wand h\u00e4ngt und daher ist sie gut geeignet um zu Hause die Wartezeit bis zum n\u00e4chsten Urlaub auf Lanzarote zu verk\u00fcrzen. Aber auch, wenn Ihr auf Lanzarote eine Ferienwohnung vermietet und noch etwas sucht, um die kahlen W\u00e4nde zu versch\u00f6nern, kann mit diesem Motiv der n\u00e4chste Gast motiviert werden, sich n\u00e4her mit der Insel zu besch\u00e4ftigen oder Ausfl\u00fcge in noch unbekannte Ecken von Lanzarote zu unternehmen.<\/p>\n\n\n\n<figure class=\"wp-block-image size-large\"><img loading=\"lazy\" decoding=\"async\" width=\"1024\" height=\"614\" src=\"https:\/\/lanzarote-feeling.com\/wp-content\/uploads\/2023\/10\/image_2023-10-13_155741529-1024x614.png\" alt=\"\" class=\"wp-image-4102\" srcset=\"https:\/\/lanzarote-feeling.com\/wp-content\/uploads\/2023\/10\/image_2023-10-13_155741529-1024x614.png 1024w, https:\/\/lanzarote-feeling.com\/wp-content\/uploads\/2023\/10\/image_2023-10-13_155741529-300x180.png 300w, https:\/\/lanzarote-feeling.com\/wp-content\/uploads\/2023\/10\/image_2023-10-13_155741529-768x460.png 768w, https:\/\/lanzarote-feeling.com\/wp-content\/uploads\/2023\/10\/image_2023-10-13_155741529-1536x920.png 1536w, https:\/\/lanzarote-feeling.com\/wp-content\/uploads\/2023\/10\/image_2023-10-13_155741529.png 1577w\" sizes=\"auto, (max-width: 767px) 89vw, (max-width: 1000px) 54vw, (max-width: 1071px) 543px, 580px\" \/><\/figure>\n\n\n\n<p>Aber auch als (Weihnachts-)Geschenk f\u00fcr einen befreundeten Lanzarote-Fan eignet sich diese Karte hervorragend.<\/p>\n\n\n\n<p>Jeder K\u00e4ufer erh\u00e4lt zus\u00e4tzlich zur Karte ein kleines PDF, welches die Entstehungsgeschichte dieser Lanzarote-Karte beschreibt  &#8211; jede Karte wird vom Autor personalisiert und signiert. Es sind also fast <strong>Unikate<\/strong>.<\/p>\n\n\n\n<figure class=\"wp-block-image size-large\"><img loading=\"lazy\" decoding=\"async\" width=\"1024\" height=\"518\" src=\"https:\/\/lanzarote-feeling.com\/wp-content\/uploads\/2023\/11\/IMG_20231105_152304_v2-1024x518.jpg\" alt=\"\" class=\"wp-image-4199\" srcset=\"https:\/\/lanzarote-feeling.com\/wp-content\/uploads\/2023\/11\/IMG_20231105_152304_v2-1024x518.jpg 1024w, https:\/\/lanzarote-feeling.com\/wp-content\/uploads\/2023\/11\/IMG_20231105_152304_v2-300x152.jpg 300w, https:\/\/lanzarote-feeling.com\/wp-content\/uploads\/2023\/11\/IMG_20231105_152304_v2-768x388.jpg 768w, https:\/\/lanzarote-feeling.com\/wp-content\/uploads\/2023\/11\/IMG_20231105_152304_v2.jpg 1200w\" sizes=\"auto, (max-width: 767px) 89vw, (max-width: 1000px) 54vw, (max-width: 1071px) 543px, 580px\" \/><\/figure>\n\n\n\n<p><strong>Preis:<\/strong>  \u20ac 159,&#8211;<br>(Versand m\u00f6glich &#8211; wird separat berechnet)<\/p>\n\n\n\n<p>[<strong>Hinweis:<\/strong> die Auflage dieser Karte betr\u00e4gt 20 Exemplare und es sind nur noch 2 Exemplare verf\u00fcgbar. Die Karte ist <span style=\"text-decoration: underline;\">nicht waschbar<\/span> &#8211; bzw. sie verliert beim ersten Waschen deutlich an Farbe und Klarheit.]<\/p>\n\n\n\n<p>Bestellungen gerne \u00fcber unser <a href=\"http:\/\/lanzarote-feeling.com\/kontakt\" target=\"_blank\" rel=\"noopener\" title=\"\">Kontaktformular<\/a>.<\/p>\n\n\n\n<p><\/p>\n","protected":false},"excerpt":{"rendered":"<p>Nach 20 Jahren Arbeit an meiner Lanzarote-Karte pr\u00e4sentieren wir Euch nun die 5. Edition dieser ganz speziellen Karte von Lanzarote. Diese Karte hat ihre eigene Geschichte und zeichnet sich in erster Linie dadurch aus, dass alle Ortsnamen, Vulkane und andere markanten Orte mit den korrekten Namen versehen sind &#8211; was leider auf keine andere im &hellip; <\/p>\n<p class=\"link-more\"><a href=\"https:\/\/lanzarote-feeling.com\/es\/lanzarote-karte\/\" class=\"more-link\">Continuar leyendo<span class=\"screen-reader-text\"> \u00abLanzarote-Karte\u00bb<\/span><\/a><\/p>\n","protected":false},"author":5,"featured_media":0,"parent":0,"menu_order":0,"comment_status":"closed","ping_status":"closed","template":"","meta":{"footnotes":""},"class_list":["post-4098","page","type-page","status-publish","hentry"],"translation":{"provider":"WPGlobus","version":"3.0.2","language":"es","enabled_languages":["de","en","es"],"languages":{"de":{"title":true,"content":true,"excerpt":false},"en":{"title":false,"content":false,"excerpt":false},"es":{"title":false,"content":false,"excerpt":false}}},"aioseo_notices":[],"_links":{"self":[{"href":"https:\/\/lanzarote-feeling.com\/es\/wp-json\/wp\/v2\/pages\/4098","targetHints":{"allow":["GET"]}}],"collection":[{"href":"https:\/\/lanzarote-feeling.com\/es\/wp-json\/wp\/v2\/pages"}],"about":[{"href":"https:\/\/lanzarote-feeling.com\/es\/wp-json\/wp\/v2\/types\/page"}],"author":[{"embeddable":true,"href":"https:\/\/lanzarote-feeling.com\/es\/wp-json\/wp\/v2\/users\/5"}],"replies":[{"embeddable":true,"href":"https:\/\/lanzarote-feeling.com\/es\/wp-json\/wp\/v2\/comments?post=4098"}],"version-history":[{"count":0,"href":"https:\/\/lanzarote-feeling.com\/es\/wp-json\/wp\/v2\/pages\/4098\/revisions"}],"wp:attachment":[{"href":"https:\/\/lanzarote-feeling.com\/es\/wp-json\/wp\/v2\/media?parent=4098"}],"curies":[{"name":"wp","href":"https:\/\/api.w.org\/{rel}","templated":true}]}}