{"id":682,"date":"2020-01-12T21:13:03","date_gmt":"2020-01-12T21:13:03","guid":{"rendered":"https:\/\/lanzarote-feeling.com\/?page_id=682"},"modified":"2025-11-24T11:02:19","modified_gmt":"2025-11-24T10:02:19","slug":"angebotsuebersicht-fuer-kreuzfahrtgaeste","status":"publish","type":"page","link":"https:\/\/lanzarote-feeling.com\/es\/exkursionen\/angebotsuebersicht-fuer-kreuzfahrtgaeste\/","title":{"rendered":"De un cruzero"},"content":{"rendered":"\n<p>Ofrecemos una amplia gama de tours para los hu\u00e9spedes de los cruceros que atracan aqu\u00ed en Lanzarote \/ Arrecife.<\/p>\n\n\n\n<figure class=\"wp-block-image size-large\"><img loading=\"lazy\" decoding=\"async\" width=\"1024\" height=\"682\" src=\"https:\/\/lanzarote-feeling.com\/wp-content\/uploads\/2020\/07\/mto_campesino_lzf-1024x682.jpg\" alt=\"\" class=\"wp-image-916\" srcset=\"https:\/\/lanzarote-feeling.com\/wp-content\/uploads\/2020\/07\/mto_campesino_lzf-1024x682.jpg 1024w, https:\/\/lanzarote-feeling.com\/wp-content\/uploads\/2020\/07\/mto_campesino_lzf-300x200.jpg 300w, https:\/\/lanzarote-feeling.com\/wp-content\/uploads\/2020\/07\/mto_campesino_lzf-768x512.jpg 768w, https:\/\/lanzarote-feeling.com\/wp-content\/uploads\/2020\/07\/mto_campesino_lzf.jpg 1280w\" sizes=\"auto, (max-width: 767px) 89vw, (max-width: 1000px) 54vw, (max-width: 1071px) 543px, 580px\" \/><figcaption class=\"wp-element-caption\">Mto. al Campesino\/Lanzarote<\/figcaption><\/figure>\n\n\n\n<p>No importa si quiere dar un paseo por la encantadora naturaleza o si viene a Lanzarote por primera vez y quiere conocer algunos de los puntos m\u00e1s destacados de la isla, le daremos la \u00absensaci\u00f3n de Lanzarote\u00bb, que tambi\u00e9n est\u00e1 cerca de nuestro coraz\u00f3n.<\/p>\n\n\n\n<p>Os recogeremos con el coche en el puerto de Arrecife y te traeremos de vuelta. El comienzo y el final de la visita se organizar\u00e1n individualmente.<\/p>\n\n\n\n<p>Aqu\u00ed hay un peque\u00f1o resumen de los recorridos en coche:<br><a href=\"\/es\/halbtagestour-lanzarote-inselzentrum-auto\/\" target=\"_blank\" rel=\"noopener\" title=\"\">Vuelta por la isla con coche en el centro<\/a><br><a href=\"\/es\/halbtages-tour-lanzarote-sued-auto\/\" target=\"_blank\" rel=\"noopener\" title=\"\">Vuelta por la isla con coche en el Sur de Lanzarote<\/a><br><a href=\"\/es\/halbtages-tour-lanzarote-nord-auto\/\" target=\"_blank\" rel=\"noopener\" title=\"\">Vuelta por la isla  con coche en el Norte de Lanzarote<\/a><\/p>\n\n\n\n<p>Adem\u00e1s, nos complacer\u00eda conducir con ustedes a los lugares m\u00e1s importantes o interesantes del famoso artista C\u00e9sar Manrique, como los Jameos del Agua, la Cueva de los Verdes, el Jard\u00edn de Cactus y muchos m\u00e1s.<\/p>\n\n\n\n<p>Cada tour ser\u00e1 dise\u00f1ado y planeado por nosotros teniendo en cuenta sus deseos.<\/p>\n\n\n\n<p class=\"has-cyan-bluish-gray-background-color has-background\">Precio: a partir de \u20ac 88,&#8211; por persona (los detalles sobre los precios <a href=\"http:\/\/lanzarote-feeling.com\/es\/preise#Preise_Halbtag\" target=\"_blank\" rel=\"noopener\" title=\"\">se pueden encontrar aqu\u00ed<\/a>)<\/p>\n\n\n\n<p>El punto de encuentro ser\u00e1 organizado individualmente en el puerto de Arrecife.<\/p>\n\n\n\n<p>Por favor, utilice nuestro <a href=\"\/es\/kontakt\">formulario de contacto<\/a> para consultas concretas sobre fechas y precios.<\/p>\n\n\n\n<p>Estamos deseando conocerte!<\/p>\n","protected":false},"excerpt":{"rendered":"<p>Ofrecemos una amplia gama de tours para los hu\u00e9spedes de los cruceros que atracan aqu\u00ed en Lanzarote \/ Arrecife. No importa si quiere dar un paseo por la encantadora naturaleza o si viene a Lanzarote por primera vez y quiere conocer algunos de los puntos m\u00e1s destacados de la isla, le daremos la \u00absensaci\u00f3n de &hellip; <\/p>\n<p class=\"link-more\"><a href=\"https:\/\/lanzarote-feeling.com\/es\/exkursionen\/angebotsuebersicht-fuer-kreuzfahrtgaeste\/\" class=\"more-link\">Continuar leyendo<span class=\"screen-reader-text\"> \u00abDe un cruzero\u00bb<\/span><\/a><\/p>\n","protected":false},"author":2,"featured_media":0,"parent":30,"menu_order":0,"comment_status":"closed","ping_status":"closed","template":"","meta":{"footnotes":""},"class_list":["post-682","page","type-page","status-publish","hentry"],"translation":{"provider":"WPGlobus","version":"3.0.2","language":"es","enabled_languages":["de","en","es"],"languages":{"de":{"title":true,"content":true,"excerpt":false},"en":{"title":true,"content":true,"excerpt":false},"es":{"title":true,"content":true,"excerpt":false}}},"aioseo_notices":[],"_links":{"self":[{"href":"https:\/\/lanzarote-feeling.com\/es\/wp-json\/wp\/v2\/pages\/682","targetHints":{"allow":["GET"]}}],"collection":[{"href":"https:\/\/lanzarote-feeling.com\/es\/wp-json\/wp\/v2\/pages"}],"about":[{"href":"https:\/\/lanzarote-feeling.com\/es\/wp-json\/wp\/v2\/types\/page"}],"author":[{"embeddable":true,"href":"https:\/\/lanzarote-feeling.com\/es\/wp-json\/wp\/v2\/users\/2"}],"replies":[{"embeddable":true,"href":"https:\/\/lanzarote-feeling.com\/es\/wp-json\/wp\/v2\/comments?post=682"}],"version-history":[{"count":0,"href":"https:\/\/lanzarote-feeling.com\/es\/wp-json\/wp\/v2\/pages\/682\/revisions"}],"up":[{"embeddable":true,"href":"https:\/\/lanzarote-feeling.com\/es\/wp-json\/wp\/v2\/pages\/30"}],"wp:attachment":[{"href":"https:\/\/lanzarote-feeling.com\/es\/wp-json\/wp\/v2\/media?parent=682"}],"curies":[{"name":"wp","href":"https:\/\/api.w.org\/{rel}","templated":true}]}}