{"id":97,"date":"2019-08-31T18:51:50","date_gmt":"2019-08-31T18:51:50","guid":{"rendered":"https:\/\/lanzarote-feeling.com\/?page_id=97"},"modified":"2021-06-13T15:07:55","modified_gmt":"2021-06-13T15:07:55","slug":"locationscout","status":"publish","type":"page","link":"https:\/\/lanzarote-feeling.com\/es\/locationscout\/","title":{"rendered":"Locationscout"},"content":{"rendered":"\n<p>Gerne bieten wir Euch f\u00fcr Fotoshootings und Filmproduktionen unsere Dienste als Locationscout und Stringer an. Bitte kontaktiert uns \u00fcber unser <a href=\"https:\/\/lanzarote-feeling.com\/kontakt\" target=\"_blank\" rel=\"noreferrer noopener\">Kontaktformular<\/a>.<br>Der Preis wird nach Leistungsumfang vereinbart. Bitte beachtet auch, dass auf Lanzarote fast \u00fcberall Genehmigungen erforderlich sind, wenn Film- oder Fotoaufnahmen professionell durchgef\u00fchrt werden. Wir helfen bei diesen Beh\u00f6rdeng\u00e4ngen oder f\u00fchren sie f\u00fcr Euch durch.<br>Die Antr\u00e4ge sollten unbedingt drei Monate vor Drehbeginn gestellt werden &#8211; andernfalls ist ein positiver Bescheid tendentiell unwahrscheinlich.<\/p>\n","protected":false},"excerpt":{"rendered":"<p>Gerne bieten wir Euch f\u00fcr Fotoshootings und Filmproduktionen unsere Dienste als Locationscout und Stringer an. Bitte kontaktiert uns \u00fcber unser Kontaktformular.Der Preis wird nach Leistungsumfang vereinbart. Bitte beachtet auch, dass auf Lanzarote fast \u00fcberall Genehmigungen erforderlich sind, wenn Film- oder Fotoaufnahmen professionell durchgef\u00fchrt werden. Wir helfen bei diesen Beh\u00f6rdeng\u00e4ngen oder f\u00fchren sie f\u00fcr Euch durch.Die &hellip; <\/p>\n<p class=\"link-more\"><a href=\"https:\/\/lanzarote-feeling.com\/es\/locationscout\/\" class=\"more-link\">Continuar leyendo<span class=\"screen-reader-text\"> \u00abLocationscout\u00bb<\/span><\/a><\/p>\n","protected":false},"author":5,"featured_media":0,"parent":0,"menu_order":0,"comment_status":"closed","ping_status":"closed","template":"","meta":{"footnotes":""},"class_list":["post-97","page","type-page","status-publish","hentry"],"translation":{"provider":"WPGlobus","version":"3.0.2","language":"es","enabled_languages":["de","en","es"],"languages":{"de":{"title":true,"content":true,"excerpt":false},"en":{"title":false,"content":false,"excerpt":false},"es":{"title":false,"content":false,"excerpt":false}}},"aioseo_notices":[],"_links":{"self":[{"href":"https:\/\/lanzarote-feeling.com\/es\/wp-json\/wp\/v2\/pages\/97","targetHints":{"allow":["GET"]}}],"collection":[{"href":"https:\/\/lanzarote-feeling.com\/es\/wp-json\/wp\/v2\/pages"}],"about":[{"href":"https:\/\/lanzarote-feeling.com\/es\/wp-json\/wp\/v2\/types\/page"}],"author":[{"embeddable":true,"href":"https:\/\/lanzarote-feeling.com\/es\/wp-json\/wp\/v2\/users\/5"}],"replies":[{"embeddable":true,"href":"https:\/\/lanzarote-feeling.com\/es\/wp-json\/wp\/v2\/comments?post=97"}],"version-history":[{"count":0,"href":"https:\/\/lanzarote-feeling.com\/es\/wp-json\/wp\/v2\/pages\/97\/revisions"}],"wp:attachment":[{"href":"https:\/\/lanzarote-feeling.com\/es\/wp-json\/wp\/v2\/media?parent=97"}],"curies":[{"name":"wp","href":"https:\/\/api.w.org\/{rel}","templated":true}]}}