{"id":972,"date":"2020-07-19T10:12:25","date_gmt":"2020-07-19T10:12:25","guid":{"rendered":"https:\/\/lanzarote-feeling.com\/?page_id=972"},"modified":"2021-09-08T13:02:12","modified_gmt":"2021-09-08T12:02:12","slug":"anmeldung-programm","status":"publish","type":"page","link":"https:\/\/lanzarote-feeling.com\/es\/ueber-uns\/anmeldung-programm\/","title":{"rendered":"Matriculacion y Programa"},"content":{"rendered":"\n<p>Queridos interesados,<br>si est\u00e1 interesado en el senderismo u otras excursiones en Lanzarote, la forma m\u00e1s f\u00e1cil es rellenar el <a href=\"\/es\/kontakt\" title=\"\/es\/kontakt\">formulario de contacto<\/a>. Por favor, escriba en el campo de comentarios cu\u00e1ntas personas son y de cu\u00e1ndo a cu\u00e1ndo est\u00e1n en la isla &#8211; sin d\u00eda de llegada y salida.<\/p>\n\n\n\n<p>A continuaci\u00f3n, le mantendremos informado por correo o mensajero (WhatsApp\/Telegram) sobre lo que est\u00e1 previsto para el per\u00edodo en cuesti\u00f3n &#8211; o le ofreceremos un tour seg\u00fan sus deseos.<\/p>\n\n\n\n<p>Aqui encentras nuestra <strong><a href=\".\/es\/programm\" target=\"_blank\" rel=\"noreferrer noopener\">\u00abprograma semanal\u00bb<\/a><\/strong>.<\/p>\n\n\n\n<p>Aparte de este programa, solemos tener algunas reservas exclusivas o excursiones que ya est\u00e1n completas. Si est\u00e1n interesado en una excursi\u00f3n que no aparece en este programa, no dude en rellenar nuestro formulario de contacto o escribirnos un eMail. Tal vez a\u00fan nos quede capacidad para realizar una excursi\u00f3n adicional seg\u00fan sus deseos.<\/p>\n\n\n\n<p>Si es su primera vacaci\u00f3n aqu\u00ed y no sabe d\u00f3nde est\u00e1n sus intereses, por favor escr\u00edbalo en el formulario de contacto &#8211; podemos ofrecerle una buena introducci\u00f3n al \u00abLanzarote-Feeling\u00bb.<\/p>\n\n\n\n<p>Muchos de nuestros clientes habituales son residentes en Lanzarote, que han estado viviendo aqu\u00ed durante 25 a\u00f1os o m\u00e1s. Tambi\u00e9n nos gusta mostrarles algo nuevo y por lo tanto puede estar seguro de que regularmente ofrecemos excursiones internas que no se muestran aqu\u00ed en el sitio web y que no se pueden encontrar en las ofertas de otros proveedores.<\/p>\n\n\n\n<p>Adem\u00e1s, a menudo hay excursiones con residentes, en las que no s\u00f3lo se nos conoce como gu\u00edas, sino que tambi\u00e9n se entra en contacto con otros residentes de Lanzarote y as\u00ed se experimenta el \u00abLanzarote-Feeling\u00bb de forma mucho m\u00e1s directa.<\/p>\n","protected":false},"excerpt":{"rendered":"<p>Queridos interesados,si est\u00e1 interesado en el senderismo u otras excursiones en Lanzarote, la forma m\u00e1s f\u00e1cil es rellenar el formulario de contacto. Por favor, escriba en el campo de comentarios cu\u00e1ntas personas son y de cu\u00e1ndo a cu\u00e1ndo est\u00e1n en la isla &#8211; sin d\u00eda de llegada y salida. A continuaci\u00f3n, le mantendremos informado por &hellip; <\/p>\n<p class=\"link-more\"><a href=\"https:\/\/lanzarote-feeling.com\/es\/ueber-uns\/anmeldung-programm\/\" class=\"more-link\">Continuar leyendo<span class=\"screen-reader-text\"> \u00abMatriculacion y Programa\u00bb<\/span><\/a><\/p>\n","protected":false},"author":5,"featured_media":0,"parent":216,"menu_order":0,"comment_status":"closed","ping_status":"closed","template":"","meta":{"footnotes":""},"class_list":["post-972","page","type-page","status-publish","hentry"],"translation":{"provider":"WPGlobus","version":"3.0.2","language":"es","enabled_languages":["de","en","es"],"languages":{"de":{"title":true,"content":true,"excerpt":false},"en":{"title":true,"content":true,"excerpt":false},"es":{"title":true,"content":true,"excerpt":false}}},"aioseo_notices":[],"_links":{"self":[{"href":"https:\/\/lanzarote-feeling.com\/es\/wp-json\/wp\/v2\/pages\/972","targetHints":{"allow":["GET"]}}],"collection":[{"href":"https:\/\/lanzarote-feeling.com\/es\/wp-json\/wp\/v2\/pages"}],"about":[{"href":"https:\/\/lanzarote-feeling.com\/es\/wp-json\/wp\/v2\/types\/page"}],"author":[{"embeddable":true,"href":"https:\/\/lanzarote-feeling.com\/es\/wp-json\/wp\/v2\/users\/5"}],"replies":[{"embeddable":true,"href":"https:\/\/lanzarote-feeling.com\/es\/wp-json\/wp\/v2\/comments?post=972"}],"version-history":[{"count":0,"href":"https:\/\/lanzarote-feeling.com\/es\/wp-json\/wp\/v2\/pages\/972\/revisions"}],"up":[{"embeddable":true,"href":"https:\/\/lanzarote-feeling.com\/es\/wp-json\/wp\/v2\/pages\/216"}],"wp:attachment":[{"href":"https:\/\/lanzarote-feeling.com\/es\/wp-json\/wp\/v2\/media?parent=972"}],"curies":[{"name":"wp","href":"https:\/\/api.w.org\/{rel}","templated":true}]}}