{"id":99,"date":"2019-08-31T18:51:50","date_gmt":"2019-08-31T18:51:50","guid":{"rendered":"https:\/\/lanzarote-feeling.com\/?page_id=99"},"modified":"2023-11-13T23:15:46","modified_gmt":"2023-11-13T22:15:46","slug":"photoworkshops","status":"publish","type":"page","link":"https:\/\/lanzarote-feeling.com\/es\/photoworkshops\/","title":{"rendered":"Taller de Fotograf\u00eda"},"content":{"rendered":"\n<p>Las talleres de fotografia solo estan realizado en aleman o ingles. Si deseas participar,  por favor, rellene nuestro <a href=\"\/kontakt\">formulario de contacto<\/a> y le mantendremos informado.<\/p>\n\n\n\n<p>Los seminarios individuales para uno o dos participantes pueden ofrecerse espont\u00e1neamente, si nuestro horario lo permite.<\/p>\n\n\n\n<p>Si desea inscribirse en un taller, por favor, h\u00e1ganos saber brevemente qu\u00e9 equipo tiene (c\u00e1mara\/movil, fabricante, modelo, objetivo preferida) y cu\u00e1nto tiempo lleva haciendo fotograf\u00eda como hobby. Con mucho gusto tambi\u00e9n combinado con una autoevaluaci\u00f3n de su nivel de conocimiento.<\/p>\n","protected":false},"excerpt":{"rendered":"<p>Las talleres de fotografia solo estan realizado en aleman o ingles. Si deseas participar, por favor, rellene nuestro formulario de contacto y le mantendremos informado. Los seminarios individuales para uno o dos participantes pueden ofrecerse espont\u00e1neamente, si nuestro horario lo permite. Si desea inscribirse en un taller, por favor, h\u00e1ganos saber brevemente qu\u00e9 equipo tiene &hellip; <\/p>\n<p class=\"link-more\"><a href=\"https:\/\/lanzarote-feeling.com\/es\/photoworkshops\/\" class=\"more-link\">Continuar leyendo<span class=\"screen-reader-text\"> \u00abTaller de Fotograf\u00eda\u00bb<\/span><\/a><\/p>\n","protected":false},"author":5,"featured_media":0,"parent":0,"menu_order":0,"comment_status":"closed","ping_status":"closed","template":"","meta":{"footnotes":""},"class_list":["post-99","page","type-page","status-publish","hentry"],"translation":{"provider":"WPGlobus","version":"3.0.2","language":"es","enabled_languages":["de","en","es"],"languages":{"de":{"title":true,"content":true,"excerpt":false},"en":{"title":true,"content":true,"excerpt":false},"es":{"title":true,"content":true,"excerpt":false}}},"aioseo_notices":[],"_links":{"self":[{"href":"https:\/\/lanzarote-feeling.com\/es\/wp-json\/wp\/v2\/pages\/99","targetHints":{"allow":["GET"]}}],"collection":[{"href":"https:\/\/lanzarote-feeling.com\/es\/wp-json\/wp\/v2\/pages"}],"about":[{"href":"https:\/\/lanzarote-feeling.com\/es\/wp-json\/wp\/v2\/types\/page"}],"author":[{"embeddable":true,"href":"https:\/\/lanzarote-feeling.com\/es\/wp-json\/wp\/v2\/users\/5"}],"replies":[{"embeddable":true,"href":"https:\/\/lanzarote-feeling.com\/es\/wp-json\/wp\/v2\/comments?post=99"}],"version-history":[{"count":0,"href":"https:\/\/lanzarote-feeling.com\/es\/wp-json\/wp\/v2\/pages\/99\/revisions"}],"wp:attachment":[{"href":"https:\/\/lanzarote-feeling.com\/es\/wp-json\/wp\/v2\/media?parent=99"}],"curies":[{"name":"wp","href":"https:\/\/api.w.org\/{rel}","templated":true}]}}